{"id":7274,"date":"2022-06-27T17:08:25","date_gmt":"2022-06-27T15:08:25","guid":{"rendered":"https:\/\/menardcanada.ca\/?page_id=7274"},"modified":"2022-10-10T04:41:16","modified_gmt":"2022-10-10T02:41:16","slug":"accessibilite","status":"publish","type":"page","link":"https:\/\/menardcanada.ca\/fr\/annexes\/accessibilite\/","title":{"rendered":"Accessibilit\u00e9"},"content":{"rendered":"<div class=\"fusion-fullwidth fullwidth-box fusion-builder-row-1 nonhundred-percent-fullwidth non-hundred-percent-height-scrolling\" style=\"--awb-border-radius-top-left:0px;--awb-border-radius-top-right:0px;--awb-border-radius-bottom-right:0px;--awb-border-radius-bottom-left:0px;--awb-flex-wrap:wrap;\" ><div class=\"fusion-builder-row fusion-row\"><div class=\"fusion-layout-column fusion_builder_column fusion-builder-column-0 fusion_builder_column_1_1 1_1 fusion-one-full fusion-column-first fusion-column-last\" style=\"--awb-bg-size:cover;\"><div class=\"fusion-column-wrapper fusion-flex-column-wrapper-legacy\"><div class=\"fusion-text fusion-text-1\"><p>Menard Canada comprend que les obligations en vertu de la Loi de 2005 sur l&rsquo;accessibilit\u00e9 pour les personnes handicap\u00e9es de l&rsquo;Ontario (LAPHO) et de ses normes d&rsquo;accessibilit\u00e9 ne remplacent ni ne limitent ses obligations en vertu du Code des droits de la personne de l&rsquo;Ontario ou ses obligations envers les personnes handicap\u00e9es en vertu de toute autre loi.<\/p>\n<p>Conform\u00e9ment aux politiques concernant l&rsquo;acc\u00e8s des utilisateurs handicap\u00e9s aux services en ligne accessibles au public (Accessibility for Ontarians with Disabilities Act &#8211; AODA), Menard Canada fait tout son possible pour am\u00e9liorer l&rsquo;acc\u00e8s des utilisateurs handicap\u00e9s \u00e0 ses sites Web et applications existants et futurs.<\/p>\n<p>Malgr\u00e9 cela, nous avons conscience que ce chantier de mise en conformit\u00e9 constant peut avoir des d\u00e9faillances en fonction des technologies (OS, navigateur etc.) et supports (PC, MAC, mobile etc.) utilis\u00e9s. C\u2019est pourquoi en cas de probl\u00e8me d\u2019accessibilit\u00e9 \u00e0 une ressource de ce site, nous sommes \u00e0 votre disposition pour vous la communiquer par un autre moyen.<\/p>\n<p>Contactez-nous au \u00a0<a class=\"phone-number\" href=\"tel:+14504492633\" data-kmt=\"1\">450-449-2633<\/a> ou par mail \u00e0 <a href=\"mailto:info@menardcanada.ca\" data-kmt=\"1\">info@menardcanada.ca<\/a> en nous pr\u00e9cisant le format ou l\u2019interaction souhait\u00e9e (voix, fichier etc.).<\/p>\n<\/div><div class=\"fusion-clearfix\"><\/div><\/div><\/div><\/div><\/div>\n","protected":false},"excerpt":{"rendered":"","protected":false},"author":1,"featured_media":0,"parent":7251,"menu_order":0,"comment_status":"closed","ping_status":"closed","template":"","meta":{"footnotes":""},"class_list":["post-7274","page","type-page","status-publish","hentry"],"yoast_head":"<!-- This site is optimized with the Yoast SEO plugin v27.2 - https:\/\/yoast.com\/product\/yoast-seo-wordpress\/ -->\n<title>Accessibilit\u00e9 | Menard Canada<\/title>\n<meta name=\"robots\" content=\"index, follow, max-snippet:-1, max-image-preview:large, max-video-preview:-1\" \/>\n<link rel=\"canonical\" href=\"https:\/\/menardcanada.ca\/fr\/annexes\/accessibilite\/\" \/>\n<meta property=\"og:locale\" content=\"fr_FR\" \/>\n<meta property=\"og:type\" content=\"article\" \/>\n<meta property=\"og:title\" content=\"Accessibilit\u00e9 | Menard Canada\" \/>\n<meta property=\"og:url\" content=\"https:\/\/menardcanada.ca\/fr\/annexes\/accessibilite\/\" \/>\n<meta property=\"og:site_name\" content=\"Menard Canada\" \/>\n<meta property=\"article:modified_time\" content=\"2022-10-10T02:41:16+00:00\" \/>\n<meta property=\"og:image\" content=\"https:\/\/menardcanada.ca\/wp-content\/uploads\/sites\/8\/2022\/10\/MenardCanada_Suamish_British-Columbia_2022-DC-4.jpg\" \/>\n\t<meta property=\"og:image:width\" content=\"1311\" \/>\n\t<meta property=\"og:image:height\" content=\"874\" \/>\n\t<meta property=\"og:image:type\" content=\"image\/jpeg\" \/>\n<meta name=\"twitter:card\" content=\"summary_large_image\" \/>\n<script type=\"application\/ld+json\" class=\"yoast-schema-graph\">{\"@context\":\"https:\/\/schema.org\",\"@graph\":[{\"@type\":\"WebPage\",\"@id\":\"https:\/\/menardcanada.ca\/fr\/annexes\/accessibilite\/\",\"url\":\"https:\/\/menardcanada.ca\/fr\/annexes\/accessibilite\/\",\"name\":\"Accessibilit\u00e9 | Menard Canada\",\"isPartOf\":{\"@id\":\"https:\/\/menardcanada.ca\/fr\/#website\"},\"datePublished\":\"2022-06-27T15:08:25+00:00\",\"dateModified\":\"2022-10-10T02:41:16+00:00\",\"breadcrumb\":{\"@id\":\"https:\/\/menardcanada.ca\/fr\/annexes\/accessibilite\/#breadcrumb\"},\"inLanguage\":\"fr-FR\",\"potentialAction\":[{\"@type\":\"ReadAction\",\"target\":[\"https:\/\/menardcanada.ca\/fr\/annexes\/accessibilite\/\"]}]},{\"@type\":\"BreadcrumbList\",\"@id\":\"https:\/\/menardcanada.ca\/fr\/annexes\/accessibilite\/#breadcrumb\",\"itemListElement\":[{\"@type\":\"ListItem\",\"position\":1,\"name\":\"Home\",\"item\":\"https:\/\/menardcanada.ca\/fr\/\"},{\"@type\":\"ListItem\",\"position\":2,\"name\":\"Annexes\",\"item\":\"https:\/\/menardcanada.ca\/fr\/annexes\/\"},{\"@type\":\"ListItem\",\"position\":3,\"name\":\"Accessibilit\u00e9\"}]},{\"@type\":\"WebSite\",\"@id\":\"https:\/\/menardcanada.ca\/fr\/#website\",\"url\":\"https:\/\/menardcanada.ca\/fr\/\",\"name\":\"Menard Canada\",\"description\":\"\",\"publisher\":{\"@id\":\"https:\/\/menardcanada.ca\/fr\/#organization\"},\"potentialAction\":[{\"@type\":\"SearchAction\",\"target\":{\"@type\":\"EntryPoint\",\"urlTemplate\":\"https:\/\/menardcanada.ca\/fr\/?s={search_term_string}\"},\"query-input\":{\"@type\":\"PropertyValueSpecification\",\"valueRequired\":true,\"valueName\":\"search_term_string\"}}],\"inLanguage\":\"fr-FR\"},{\"@type\":\"Organization\",\"@id\":\"https:\/\/menardcanada.ca\/fr\/#organization\",\"name\":\"Menard group, world specialist in ground improvement\",\"url\":\"https:\/\/menardcanada.ca\/fr\/\",\"logo\":{\"@type\":\"ImageObject\",\"inLanguage\":\"fr-FR\",\"@id\":\"https:\/\/menardcanada.ca\/fr\/#\/schema\/logo\/image\/\",\"url\":\"https:\/\/menardcanada.ca\/wp-content\/uploads\/sites\/8\/2021\/06\/MENARD-LOGO-icon-above-colour.png\",\"contentUrl\":\"https:\/\/menardcanada.ca\/wp-content\/uploads\/sites\/8\/2021\/06\/MENARD-LOGO-icon-above-colour.png\",\"width\":110,\"height\":82,\"caption\":\"Menard group, world specialist in ground improvement\"},\"image\":{\"@id\":\"https:\/\/menardcanada.ca\/fr\/#\/schema\/logo\/image\/\"},\"sameAs\":[\"https:\/\/www.linkedin.com\/company\/menardcanada\",\"https:\/\/www.youtube.com\/channel\/UCdvM6StxaNiS1U1g8i7hYEw\"]}]}<\/script>\n<!-- \/ Yoast SEO plugin. -->","yoast_head_json":{"title":"Accessibilit\u00e9 | Menard Canada","robots":{"index":"index","follow":"follow","max-snippet":"max-snippet:-1","max-image-preview":"max-image-preview:large","max-video-preview":"max-video-preview:-1"},"canonical":"https:\/\/menardcanada.ca\/fr\/annexes\/accessibilite\/","og_locale":"fr_FR","og_type":"article","og_title":"Accessibilit\u00e9 | Menard Canada","og_url":"https:\/\/menardcanada.ca\/fr\/annexes\/accessibilite\/","og_site_name":"Menard Canada","article_modified_time":"2022-10-10T02:41:16+00:00","og_image":[{"width":1311,"height":874,"url":"https:\/\/menardcanada.ca\/wp-content\/uploads\/sites\/8\/2022\/10\/MenardCanada_Suamish_British-Columbia_2022-DC-4.jpg","type":"image\/jpeg"}],"twitter_card":"summary_large_image","schema":{"@context":"https:\/\/schema.org","@graph":[{"@type":"WebPage","@id":"https:\/\/menardcanada.ca\/fr\/annexes\/accessibilite\/","url":"https:\/\/menardcanada.ca\/fr\/annexes\/accessibilite\/","name":"Accessibilit\u00e9 | Menard Canada","isPartOf":{"@id":"https:\/\/menardcanada.ca\/fr\/#website"},"datePublished":"2022-06-27T15:08:25+00:00","dateModified":"2022-10-10T02:41:16+00:00","breadcrumb":{"@id":"https:\/\/menardcanada.ca\/fr\/annexes\/accessibilite\/#breadcrumb"},"inLanguage":"fr-FR","potentialAction":[{"@type":"ReadAction","target":["https:\/\/menardcanada.ca\/fr\/annexes\/accessibilite\/"]}]},{"@type":"BreadcrumbList","@id":"https:\/\/menardcanada.ca\/fr\/annexes\/accessibilite\/#breadcrumb","itemListElement":[{"@type":"ListItem","position":1,"name":"Home","item":"https:\/\/menardcanada.ca\/fr\/"},{"@type":"ListItem","position":2,"name":"Annexes","item":"https:\/\/menardcanada.ca\/fr\/annexes\/"},{"@type":"ListItem","position":3,"name":"Accessibilit\u00e9"}]},{"@type":"WebSite","@id":"https:\/\/menardcanada.ca\/fr\/#website","url":"https:\/\/menardcanada.ca\/fr\/","name":"Menard Canada","description":"","publisher":{"@id":"https:\/\/menardcanada.ca\/fr\/#organization"},"potentialAction":[{"@type":"SearchAction","target":{"@type":"EntryPoint","urlTemplate":"https:\/\/menardcanada.ca\/fr\/?s={search_term_string}"},"query-input":{"@type":"PropertyValueSpecification","valueRequired":true,"valueName":"search_term_string"}}],"inLanguage":"fr-FR"},{"@type":"Organization","@id":"https:\/\/menardcanada.ca\/fr\/#organization","name":"Menard group, world specialist in ground improvement","url":"https:\/\/menardcanada.ca\/fr\/","logo":{"@type":"ImageObject","inLanguage":"fr-FR","@id":"https:\/\/menardcanada.ca\/fr\/#\/schema\/logo\/image\/","url":"https:\/\/menardcanada.ca\/wp-content\/uploads\/sites\/8\/2021\/06\/MENARD-LOGO-icon-above-colour.png","contentUrl":"https:\/\/menardcanada.ca\/wp-content\/uploads\/sites\/8\/2021\/06\/MENARD-LOGO-icon-above-colour.png","width":110,"height":82,"caption":"Menard group, world specialist in ground improvement"},"image":{"@id":"https:\/\/menardcanada.ca\/fr\/#\/schema\/logo\/image\/"},"sameAs":["https:\/\/www.linkedin.com\/company\/menardcanada","https:\/\/www.youtube.com\/channel\/UCdvM6StxaNiS1U1g8i7hYEw"]}]}},"_links":{"self":[{"href":"https:\/\/menardcanada.ca\/fr\/wp-json\/wp\/v2\/pages\/7274","targetHints":{"allow":["GET"]}}],"collection":[{"href":"https:\/\/menardcanada.ca\/fr\/wp-json\/wp\/v2\/pages"}],"about":[{"href":"https:\/\/menardcanada.ca\/fr\/wp-json\/wp\/v2\/types\/page"}],"author":[{"embeddable":true,"href":"https:\/\/menardcanada.ca\/fr\/wp-json\/wp\/v2\/users\/1"}],"replies":[{"embeddable":true,"href":"https:\/\/menardcanada.ca\/fr\/wp-json\/wp\/v2\/comments?post=7274"}],"version-history":[{"count":0,"href":"https:\/\/menardcanada.ca\/fr\/wp-json\/wp\/v2\/pages\/7274\/revisions"}],"up":[{"embeddable":true,"href":"https:\/\/menardcanada.ca\/fr\/wp-json\/wp\/v2\/pages\/7251"}],"wp:attachment":[{"href":"https:\/\/menardcanada.ca\/fr\/wp-json\/wp\/v2\/media?parent=7274"}],"curies":[{"name":"wp","href":"https:\/\/api.w.org\/{rel}","templated":true}]}}