{"id":7264,"date":"2022-06-27T17:05:40","date_gmt":"2022-06-27T15:05:40","guid":{"rendered":"https:\/\/menardcanada.ca\/?page_id=7264"},"modified":"2022-10-10T04:24:33","modified_gmt":"2022-10-10T02:24:33","slug":"politique-des-cookies","status":"publish","type":"page","link":"https:\/\/menardcanada.ca\/fr\/annexes\/politique-des-cookies\/","title":{"rendered":"Politique des cookies"},"content":{"rendered":"<div class=\"fusion-fullwidth fullwidth-box fusion-builder-row-1 nonhundred-percent-fullwidth non-hundred-percent-height-scrolling\" style=\"--awb-border-radius-top-left:0px;--awb-border-radius-top-right:0px;--awb-border-radius-bottom-right:0px;--awb-border-radius-bottom-left:0px;--awb-flex-wrap:wrap;\" ><div class=\"fusion-builder-row fusion-row\"><div class=\"fusion-layout-column fusion_builder_column fusion-builder-column-0 fusion_builder_column_1_1 1_1 fusion-one-full fusion-column-first fusion-column-last\" style=\"--awb-bg-size:cover;\"><div class=\"fusion-column-wrapper fusion-flex-column-wrapper-legacy\"><div class=\"fusion-text fusion-text-1\"><h2 class=\"fusion-responsive-typography-calculated\" data-fontsize=\"28\" data-lineheight=\"36.96px\"><strong>POLITIQUE COOKIES<\/strong><\/h2>\n<p>Menard Canada est susceptible d\u2019installer des cookies sur vos \u00e9quipements lors de vos visites sur le site Internet et d\u2019utiliser des cookies sur les courriers \u00e9lectroniques qui vous sont adress\u00e9s.<\/p>\n<p>La pr\u00e9sente Politique cookies a vocation \u00e0 vous communiquer des informations sur les diff\u00e9rents cookies utilis\u00e9s, quelles sont leurs finalit\u00e9s et quels sont vos droits notamment s\u2019agissant du param\u00e9trage.<\/p>\n<p>Des cookies ou t\u00e9moins de connexion sont utilis\u00e9s sur le site Internet et temporairement conserv\u00e9s sur le terminal informatique de l\u2019utilisateur tel que les ordinateurs, les tablettes et\/ou les smartphones pour faciliter la navigation et optimiser la qualit\u00e9 du site Internet. Ces cookies peuvent \u00eatre refus\u00e9s par l\u2019utilisateur sous r\u00e9serve des choix et options que l\u2019utilisateur peut exprimer \u00e0 tout moment.<\/p>\n<p>Les cookies utilis\u00e9s sur ce site Internet peuvent \u00eatre mis en place soit par notre site Internet, soit par un site tiers. Ces cookies peuvent \u00eatre de session ou persistants : un cookie de session est un cookie qui est automatiquement supprim\u00e9 lorsque l\u2019utilisateur ferme le navigateur, alors qu\u2019un cookie persistant reste stock\u00e9 dans l\u2019ordinateur de l\u2019utilisateur jusqu\u2019\u00e0 sa date d\u2019expiration.<\/p>\n<p>Les cookies utilis\u00e9s sur le site Internet ont une dur\u00e9e de vie maximale de 12 mois.<\/p>\n<h3 class=\"fusion-responsive-typography-calculated\" data-fontsize=\"20\" data-lineheight=\"28px\"><strong>CATEGORIES<\/strong><\/h3>\n<p>Nous utilisons certains types de cookies sur ce site Internet\u202f:<\/p>\n<ul>\n<li><strong>Les cookies techniques et de session obligatoires :<\/strong><\/li>\n<\/ul>\n<p>Ces cookies sont indispensables afin de pouvoir naviguer sur notre site Internet et b\u00e9n\u00e9ficier pleinement de ses fonctionnalit\u00e9s telles que l\u2019acc\u00e8s \u00e0 certaines pages Internet s\u00e9curis\u00e9es. Sans ces cookies, certains services que vous demandez ne pourront vous \u00eatre fournis.<\/p>\n<p>Les cookies obligatoires utilis\u00e9s sur le site Internet sont les suivants :<\/p>\n<ul>\n<li>\n<ul>\n<li>PHPSESSID<\/li>\n<li>lang<\/li>\n<li>JSESSIONID<\/li>\n<li>wp-wpml_current_language<\/li>\n<\/ul>\n<\/li>\n<\/ul>\n<ul>\n<li><strong>Les cookies fonctionnels\u202f et de performance :<\/strong><\/li>\n<\/ul>\n<p>Ces cookies permettent au site Internet d\u2019enregistrer vos choix de param\u00e9trage afin de vous fournir des fonctionnalit\u00e9s am\u00e9lior\u00e9es et plus personnelles. Ces cookies peuvent \u00e9galement \u00eatre utilis\u00e9s afin de m\u00e9moriser les modifications que vous avez apport\u00e9es \u00e0 la taille du texte, la police et d\u2019autres parties des pages Internet que vous avez personnalis\u00e9es. Ils peuvent \u00e9galement \u00eatre utilis\u00e9s afin de vous fournir certains services dont vous avez fait la demande comme regarder une vid\u00e9o.<\/p>\n<p>Ces cookies ne peuvent pas suivre votre activit\u00e9 de navigation sur d\u2019autres sites Internet et ne recueillent aucune information vous concernant qui pourrait \u00eatre utilis\u00e9e \u00e0 des fins publicitaires.<\/p>\n<ul>\n<li>\n<ul>\n<li>Fonts.googleapis.com<\/li>\n<li>Ggpht.com<\/li>\n<li>Linkedin<\/li>\n<li>Addtoany<\/li>\n<li>Instagram<\/li>\n<li>Ytimg.com<\/li>\n<li>lidc<\/li>\n<li>lissc<\/li>\n<\/ul>\n<\/li>\n<\/ul>\n<p>Les cookies de performance utilis\u00e9s sur le site Internet sont les suivants :<\/p>\n<ul>\n<li>\n<ul>\n<li>Cdninstagram<\/li>\n<li>Licdn.com<\/li>\n<\/ul>\n<\/li>\n<\/ul>\n<ul>\n<li><strong>Les cookies de mesure d\u2019audience :<\/strong><\/li>\n<\/ul>\n<p>Ces cookies sont utilis\u00e9s afin de recueillir des informations sur la fa\u00e7on dont les visiteurs utilisent notre site Internet telles que les pages les plus visit\u00e9es ou l\u2019apparition de messages d\u2019erreur sur certaines pages. Toutes les informations recueillies par le biais de ces cookies sont anonymis\u00e9es, et collect\u00e9es dans le seul but de d\u00e9velopper et de suivre les tendances du trafic sur notre site Internet afin d\u2019am\u00e9liorer la fa\u00e7on dont il fonctionne.<\/p>\n<p>Ces informations font l\u2019objet d\u2019un usage exclusif par Menard Canada et ne sont aucunement partag\u00e9es avec des tiers.<\/p>\n<p>Les cookies de mesure d\u2019audience \u00e0 des fins analytiques sur le site Internet sont les suivants :<\/p>\n<ul>\n<li>\n<ul>\n<li>_ga<\/li>\n<li>_gat<\/li>\n<li>_gid<\/li>\n<\/ul>\n<\/li>\n<\/ul>\n<ul>\n<li><strong>Les cookies de publicit\u00e9 cibl\u00e9e :<\/strong><\/li>\n<\/ul>\n<p>Les cookies de ciblage sont utilis\u00e9s pour mesurer l\u2019efficacit\u00e9 d\u2019une campagne publicitaire en permettant la diffusion de publicit\u00e9s cibl\u00e9es \u00e0 l\u2019\u00e9coute des utilisateurs et dont la r\u00e9currence d\u2019apparition est limit\u00e9e.<\/p>\n<ul>\n<li>\n<ul>\n<li>gads<\/li>\n<li>DSID<\/li>\n<li>IDE<\/li>\n<li>test_cookies<\/li>\n<li>APISID<\/li>\n<li>CONSENT<\/li>\n<li>GPS<\/li>\n<li>HSID<\/li>\n<li>LOGIN_INFO<\/li>\n<li>PREF<\/li>\n<li>SAPISID<\/li>\n<li>SID<\/li>\n<li>SSID<\/li>\n<li>VISITOR_INFO1_LIVE<\/li>\n<li>YSC<\/li>\n<\/ul>\n<\/li>\n<\/ul>\n<h3 class=\"fusion-responsive-typography-calculated\" data-fontsize=\"20\" data-lineheight=\"28px\"><strong>UTILISATION<\/strong><\/h3>\n<p>Les cookies d\u00e9pos\u00e9s ou utilis\u00e9s peuvent entrainer la collecter de donn\u00e9es \u00e0 caract\u00e8re personnel notamment\u202fles donn\u00e9es d\u2019identification (adresse IP), de connexion, d\u2019acceptation, d\u2019identit\u00e9 et de coordonn\u00e9es.<\/p>\n<p>Des sites tiers de m\u00e9dias sociaux sont susceptibles de collecter certaines informations (telles que l\u2019adresse IP, le type de navigateur, la langue utilis\u00e9e, ou l\u2019heure d\u2019acc\u00e8s) si vous \u00eates connect\u00e9s \u00e0 ces sites tout en naviguant sur notre site Internet. Ces sites Internet peuvent \u00e9galement lier ces informations collect\u00e9es avec les informations de votre profil disponibles sur leur propre site. Nous ne contr\u00f4lons pas ces technologies de suivi tiers, ainsi nous vous recommandons de prendre connaissance des conditions d\u2019utilisation et de la politique de Protection des Donn\u00e9es Personnelles de ces sites tiers avant de les utiliser.<\/p>\n<p>D\u2019autres cookies peuvent recueillir des Donn\u00e9es Personnelles (y compris les informations de cookies plac\u00e9s par nos liens publicitaires sur des sites tiers) :<\/p>\n<ul>\n<li>Si un utilisateur est un utilisateur inscrit ;<\/li>\n<li>Si nous vous envoyons un courrier \u00e9lectronique cibl\u00e9 comprenant des balises Internet, des cookies ou des technologies similaires, nous saurons si vous ouvrez, lisez ou supprimez ce message.<\/li>\n<\/ul>\n<h3 class=\"fusion-responsive-typography-calculated\" data-fontsize=\"20\" data-lineheight=\"28px\"><strong>AUTRE SUIVI<\/strong><\/h3>\n<p>Menard Canada utilise \u00e9galement des technologies sensiblement similaires aux cookies telles que des balises Internet ou toute autre technologie pouvant figurer dans des courriers \u00e9lectroniques publicitaires ou des newsletters afin de d\u00e9terminer si ces messages ont bien \u00e9t\u00e9 consult\u00e9s ou si vous avez cliqu\u00e9 sur les liens qu\u2019ils contiennent. Les balises Internet ne d\u00e9posent aucune donn\u00e9e sur votre ordinateur, mais peuvent \u00eatre utilis\u00e9s en parall\u00e8le des cookies afin d\u2019analyser l\u2019activit\u00e9 de navigation du site.<\/p>\n<h3 class=\"fusion-responsive-typography-calculated\" data-fontsize=\"20\" data-lineheight=\"28px\"><strong>ACCEPTER OU REFUSER LES COOKIES<\/strong><\/h3>\n<p>Menard Canada vous permet de g\u00e9rer et de param\u00e9trer vos cookies ainsi que d\u2019accepter ou de refuser tout ou partie des cookies d\u00e9pos\u00e9s.<\/p>\n<p>Nous vous rappelons toutefois que la d\u00e9sactivation des cookies peut conduire \u00e0 l\u2019alt\u00e9ration ou la perte de certains r\u00e9glages ou informations. La suppression des cookies peut \u00eatre de nature \u00e0 modifier, voire \u00e0 rendre difficile la navigation sur le site web.<\/p>\n<p>Afin de vous permettre un acc\u00e8s continu au param\u00e9trage de vos cookies et une pleine ma\u00eetrise des donn\u00e9es collect\u00e9es, Menard Canada vous met \u00e0 disposition un outil de gestion de vos consentements en cliquant ci-dessous :<\/p>\n<p><strong><a href=\"https:\/\/www.menardfrance.fr\/annexes-et-outils-du-site\/politique-des-cookies\/\" data-kmt=\"1\">Cliquez ici pour modifier les niveaux de cookies accept\u00e9s<\/a><\/strong><\/p>\n<p>Si vous ne souhaitez pas recevoir de cookies de la part de notre site Internet, vous pouvez \u00e9galement configurer votre navigateur. Pour ce faire, veuillez suivre les instructions appropri\u00e9es ci-dessous en fonction de votre navigateur :<\/p>\n<ul>\n<li>Si vous utilisez le navigateur\u202f<a href=\"https:\/\/support.microsoft.com\/fr-fr\/help\/17442\/windows-internet-explorer-delete-manage-cookies\" data-kmt=\"1\">Internet Explorer<\/a><\/li>\n<\/ul>\n<ol>\n<li>Choisissez le menu \u00ab Outils \u00bb (ou \u00ab Tools \u00bb), puis \u00ab Options Internet \u00bb (ou \u00ab Internet Options \u00bb).<\/li>\n<li>Cliquez sur l\u2019onglet \u00ab Confidentialit\u00e9 \u00bb (ou \u00ab Confidentiality \u00bb).<br \/>\nS\u00e9lectionnez le niveau souhait\u00e9 \u00e0 l\u2019aide du curseur.<\/li>\n<\/ol>\n<ul>\n<li>\u202f Si vous utilisez le navigateur\u202f<a href=\"https:\/\/support.mozilla.org\/fr\/kb\/effacer-les-cookies-pour-supprimer-les-information#:~:text=S%C3%A9lectionnez%20le%20panneau%20Vie%20priv%C3%A9e,des%20donn%C3%A9es%20de%20sites%20appara%C3%AEt.\" data-kmt=\"1\">Firefox<\/a><\/li>\n<\/ul>\n<ol>\n<li>Choisissez le menu \u00ab Outils \u00bb &gt; \u00ab Options \u00bb.<\/li>\n<li>Cliquez sur l\u2019option \u00ab Vie priv\u00e9e \u00bb.<\/li>\n<\/ol>\n<ul>\n<li>Si vous utilisez le navigateur\u202f<a href=\"https:\/\/support.apple.com\/kb\/ph5042?locale=en_US\" data-kmt=\"1\">Safari<\/a><\/li>\n<\/ul>\n<ol>\n<li>Choisissez le menu \u00ab Editions \u00bb.<\/li>\n<li>Cliquez sur l\u2019option \u00ab Pr\u00e9f\u00e9rences \u00bb.<\/li>\n<li>Cliquez sur l\u2019option \u00ab S\u00e9curit\u00e9 \u00bb.<\/li>\n<li>Cliquez sur \u00ab Afficher les cookies \u00bb.<\/li>\n<\/ol>\n<ul>\n<li>Si vous utilisez le navigateur\u202f<a href=\"https:\/\/support.google.com\/chrome\/answer\/95647?hl=fr\" data-kmt=\"1\">Google Chrome<\/a><\/li>\n<\/ul>\n<ol>\n<li>Sur votre ordinateur, ouvrez Chrome.<\/li>\n<li>En haut \u00e0 droite, cliquez sur \u00ab\u202fPlus Param\u00e8tres\u202f\u00bb.<\/li>\n<li>Sous \u00ab\u202fConfidentialit\u00e9 et s\u00e9curit\u00e9\u202f\u00bb, cliquez sur \u00ab\u202fCookies et autres donn\u00e9es de site\u202f\u00bb.<\/li>\n<li>Cliquez sur \u00ab\u202fAfficher l\u2019ensemble des cookies et donn\u00e9es de sites\u202f\u00bb Tout supprimer.<\/li>\n<li>Confirmez la suppression en cliquant sur \u00ab\u202fTout effacer\u202f\u00bb.<\/li>\n<\/ol>\n<h3 class=\"fusion-responsive-typography-calculated\" data-fontsize=\"20\" data-lineheight=\"28px\"><strong>EVOLUTION<\/strong><\/h3>\n<p>La pr\u00e9sente Politique a \u00e9t\u00e9 mise \u00e0 jour le 12\/01\/2022.<\/p>\n<p>Elle peut \u00eatre modifi\u00e9e \u00e0 tout moment en cas d\u2019\u00e9volution l\u00e9gales, jurisprudentielles ou des recommandations de la CNIL.<\/p>\n<\/div><h3>[ultimate_gdpr_cookie_popup]Please click here to change the accepted cookies levels.[\/ultimate_gdpr_cookie_popup]<\/h3><div class=\"fusion-text fusion-text-2\"><p>Should you not wish to receive cookies from our web site, you can configure your browser accordingly. To that end, please follow the appropriate instructions below depending on what browser you use:<\/p>\n<ul>\n<li>If using <a href=\"https:\/\/support.microsoft.com\/fr-fr\/help\/17442\/windows-internet-explorer-delete-manage-cookies\">Internet Explorer<\/a><\/li>\n<\/ul>\n<ol>\n<li>Select the \u201cTools\u201d menu, then \u201cInternet Options\u201d.<\/li>\n<li>Click on the \u201cConfidentiality\u201d tab.<\/li>\n<li>Select the desired level using the slide.<\/li>\n<\/ol>\n<ul>\n<li>If using <a href=\"https:\/\/support.mozilla.org\/en-US\/kb\/clear-cookies-and-site-data-firefox\" target=\"_blank\" rel=\"noopener noreferrer\">Firefox<\/a><\/li>\n<\/ul>\n<ol>\n<li>Select \u201cTools\u201d &gt; \u201cOptions\u201d.<\/li>\n<li>Click on the \u201cPrivacy &amp; Security\u201d option.<\/li>\n<\/ol>\n<ul>\n<li>If using <a href=\"https:\/\/support.apple.com\/kb\/ph5042?locale=en_US\">Safari<\/a><\/li>\n<\/ul>\n<ol>\n<li>Select the \u201cSafari\u201d menu.<\/li>\n<li>Click on the \u201cPreferences\u201d option.<\/li>\n<li>Click on the \u201cPrivacy\u201d option.<\/li>\n<li>Click on \u201cManage Website Data\u201d.<\/li>\n<\/ol>\n<ul>\n<li>If using\u202f<a href=\"https:\/\/support.google.com\/chrome\/answer\/95647?hl=fr\">Google Chrome<\/a><\/li>\n<\/ul>\n<ol>\n<li>Open Chrome.<\/li>\n<li>At the top right-hand corner, click on \u201cMore parameters\u201d.<\/li>\n<li>Under \u201cConfidentiality and security\u202f\u201d, click on \u201c\u202fCookies and Other Website Data\u201d.<\/li>\n<li>Click on \u201cShow all cookies and website data\u201d.<\/li>\n<li>Click on \u201cErase\u201d.<\/li>\n<li>Confirm by clicking on \u201cDelete all\u201d.<\/li>\n<\/ol>\n<h3><\/h3>\n<h3><strong>MODIFICATION<\/strong><\/h3>\n<p>This policy was last updated on 15\/06\/2021.<\/p>\n<p>We may modify this policy from time to time to keep up with changes in the law, court precedents or recommendations from France\u2019s CNIL [French data protection office].<\/p>\n<\/div><div class=\"fusion-clearfix\"><\/div><\/div><\/div><\/div><\/div>\n","protected":false},"excerpt":{"rendered":"","protected":false},"author":1,"featured_media":0,"parent":7251,"menu_order":0,"comment_status":"closed","ping_status":"closed","template":"","meta":{"footnotes":""},"class_list":["post-7264","page","type-page","status-publish","hentry"],"yoast_head":"<!-- This site is optimized with the Yoast SEO plugin v27.2 - https:\/\/yoast.com\/product\/yoast-seo-wordpress\/ -->\n<title>Politique des cookies | Menard Canada<\/title>\n<meta name=\"robots\" content=\"index, follow, max-snippet:-1, max-image-preview:large, max-video-preview:-1\" \/>\n<link rel=\"canonical\" href=\"https:\/\/menardcanada.ca\/fr\/annexes\/politique-des-cookies\/\" \/>\n<meta property=\"og:locale\" content=\"fr_FR\" \/>\n<meta property=\"og:type\" content=\"article\" \/>\n<meta property=\"og:title\" content=\"Politique des cookies | Menard Canada\" \/>\n<meta property=\"og:url\" content=\"https:\/\/menardcanada.ca\/fr\/annexes\/politique-des-cookies\/\" \/>\n<meta property=\"og:site_name\" content=\"Menard Canada\" \/>\n<meta property=\"article:modified_time\" content=\"2022-10-10T02:24:33+00:00\" \/>\n<meta property=\"og:image\" content=\"https:\/\/menardcanada.ca\/wp-content\/uploads\/sites\/8\/2022\/10\/MenardCanada_Suamish_British-Columbia_2022-DC-4.jpg\" \/>\n\t<meta property=\"og:image:width\" content=\"1311\" \/>\n\t<meta property=\"og:image:height\" content=\"874\" \/>\n\t<meta property=\"og:image:type\" content=\"image\/jpeg\" \/>\n<meta name=\"twitter:card\" content=\"summary_large_image\" \/>\n<script type=\"application\/ld+json\" class=\"yoast-schema-graph\">{\"@context\":\"https:\/\/schema.org\",\"@graph\":[{\"@type\":\"WebPage\",\"@id\":\"https:\/\/menardcanada.ca\/fr\/annexes\/politique-des-cookies\/\",\"url\":\"https:\/\/menardcanada.ca\/fr\/annexes\/politique-des-cookies\/\",\"name\":\"Politique des cookies | Menard Canada\",\"isPartOf\":{\"@id\":\"https:\/\/menardcanada.ca\/fr\/#website\"},\"datePublished\":\"2022-06-27T15:05:40+00:00\",\"dateModified\":\"2022-10-10T02:24:33+00:00\",\"breadcrumb\":{\"@id\":\"https:\/\/menardcanada.ca\/fr\/annexes\/politique-des-cookies\/#breadcrumb\"},\"inLanguage\":\"fr-FR\",\"potentialAction\":[{\"@type\":\"ReadAction\",\"target\":[\"https:\/\/menardcanada.ca\/fr\/annexes\/politique-des-cookies\/\"]}]},{\"@type\":\"BreadcrumbList\",\"@id\":\"https:\/\/menardcanada.ca\/fr\/annexes\/politique-des-cookies\/#breadcrumb\",\"itemListElement\":[{\"@type\":\"ListItem\",\"position\":1,\"name\":\"Home\",\"item\":\"https:\/\/menardcanada.ca\/fr\/\"},{\"@type\":\"ListItem\",\"position\":2,\"name\":\"Annexes\",\"item\":\"https:\/\/menardcanada.ca\/fr\/annexes\/\"},{\"@type\":\"ListItem\",\"position\":3,\"name\":\"Politique des cookies\"}]},{\"@type\":\"WebSite\",\"@id\":\"https:\/\/menardcanada.ca\/fr\/#website\",\"url\":\"https:\/\/menardcanada.ca\/fr\/\",\"name\":\"Menard Canada\",\"description\":\"\",\"publisher\":{\"@id\":\"https:\/\/menardcanada.ca\/fr\/#organization\"},\"potentialAction\":[{\"@type\":\"SearchAction\",\"target\":{\"@type\":\"EntryPoint\",\"urlTemplate\":\"https:\/\/menardcanada.ca\/fr\/?s={search_term_string}\"},\"query-input\":{\"@type\":\"PropertyValueSpecification\",\"valueRequired\":true,\"valueName\":\"search_term_string\"}}],\"inLanguage\":\"fr-FR\"},{\"@type\":\"Organization\",\"@id\":\"https:\/\/menardcanada.ca\/fr\/#organization\",\"name\":\"Menard group, world specialist in ground improvement\",\"url\":\"https:\/\/menardcanada.ca\/fr\/\",\"logo\":{\"@type\":\"ImageObject\",\"inLanguage\":\"fr-FR\",\"@id\":\"https:\/\/menardcanada.ca\/fr\/#\/schema\/logo\/image\/\",\"url\":\"https:\/\/menardcanada.ca\/wp-content\/uploads\/sites\/8\/2021\/06\/MENARD-LOGO-icon-above-colour.png\",\"contentUrl\":\"https:\/\/menardcanada.ca\/wp-content\/uploads\/sites\/8\/2021\/06\/MENARD-LOGO-icon-above-colour.png\",\"width\":110,\"height\":82,\"caption\":\"Menard group, world specialist in ground improvement\"},\"image\":{\"@id\":\"https:\/\/menardcanada.ca\/fr\/#\/schema\/logo\/image\/\"},\"sameAs\":[\"https:\/\/www.linkedin.com\/company\/menardcanada\",\"https:\/\/www.youtube.com\/channel\/UCdvM6StxaNiS1U1g8i7hYEw\"]}]}<\/script>\n<!-- \/ Yoast SEO plugin. -->","yoast_head_json":{"title":"Politique des cookies | Menard Canada","robots":{"index":"index","follow":"follow","max-snippet":"max-snippet:-1","max-image-preview":"max-image-preview:large","max-video-preview":"max-video-preview:-1"},"canonical":"https:\/\/menardcanada.ca\/fr\/annexes\/politique-des-cookies\/","og_locale":"fr_FR","og_type":"article","og_title":"Politique des cookies | Menard Canada","og_url":"https:\/\/menardcanada.ca\/fr\/annexes\/politique-des-cookies\/","og_site_name":"Menard Canada","article_modified_time":"2022-10-10T02:24:33+00:00","og_image":[{"width":1311,"height":874,"url":"https:\/\/menardcanada.ca\/wp-content\/uploads\/sites\/8\/2022\/10\/MenardCanada_Suamish_British-Columbia_2022-DC-4.jpg","type":"image\/jpeg"}],"twitter_card":"summary_large_image","schema":{"@context":"https:\/\/schema.org","@graph":[{"@type":"WebPage","@id":"https:\/\/menardcanada.ca\/fr\/annexes\/politique-des-cookies\/","url":"https:\/\/menardcanada.ca\/fr\/annexes\/politique-des-cookies\/","name":"Politique des cookies | Menard Canada","isPartOf":{"@id":"https:\/\/menardcanada.ca\/fr\/#website"},"datePublished":"2022-06-27T15:05:40+00:00","dateModified":"2022-10-10T02:24:33+00:00","breadcrumb":{"@id":"https:\/\/menardcanada.ca\/fr\/annexes\/politique-des-cookies\/#breadcrumb"},"inLanguage":"fr-FR","potentialAction":[{"@type":"ReadAction","target":["https:\/\/menardcanada.ca\/fr\/annexes\/politique-des-cookies\/"]}]},{"@type":"BreadcrumbList","@id":"https:\/\/menardcanada.ca\/fr\/annexes\/politique-des-cookies\/#breadcrumb","itemListElement":[{"@type":"ListItem","position":1,"name":"Home","item":"https:\/\/menardcanada.ca\/fr\/"},{"@type":"ListItem","position":2,"name":"Annexes","item":"https:\/\/menardcanada.ca\/fr\/annexes\/"},{"@type":"ListItem","position":3,"name":"Politique des cookies"}]},{"@type":"WebSite","@id":"https:\/\/menardcanada.ca\/fr\/#website","url":"https:\/\/menardcanada.ca\/fr\/","name":"Menard Canada","description":"","publisher":{"@id":"https:\/\/menardcanada.ca\/fr\/#organization"},"potentialAction":[{"@type":"SearchAction","target":{"@type":"EntryPoint","urlTemplate":"https:\/\/menardcanada.ca\/fr\/?s={search_term_string}"},"query-input":{"@type":"PropertyValueSpecification","valueRequired":true,"valueName":"search_term_string"}}],"inLanguage":"fr-FR"},{"@type":"Organization","@id":"https:\/\/menardcanada.ca\/fr\/#organization","name":"Menard group, world specialist in ground improvement","url":"https:\/\/menardcanada.ca\/fr\/","logo":{"@type":"ImageObject","inLanguage":"fr-FR","@id":"https:\/\/menardcanada.ca\/fr\/#\/schema\/logo\/image\/","url":"https:\/\/menardcanada.ca\/wp-content\/uploads\/sites\/8\/2021\/06\/MENARD-LOGO-icon-above-colour.png","contentUrl":"https:\/\/menardcanada.ca\/wp-content\/uploads\/sites\/8\/2021\/06\/MENARD-LOGO-icon-above-colour.png","width":110,"height":82,"caption":"Menard group, world specialist in ground improvement"},"image":{"@id":"https:\/\/menardcanada.ca\/fr\/#\/schema\/logo\/image\/"},"sameAs":["https:\/\/www.linkedin.com\/company\/menardcanada","https:\/\/www.youtube.com\/channel\/UCdvM6StxaNiS1U1g8i7hYEw"]}]}},"_links":{"self":[{"href":"https:\/\/menardcanada.ca\/fr\/wp-json\/wp\/v2\/pages\/7264","targetHints":{"allow":["GET"]}}],"collection":[{"href":"https:\/\/menardcanada.ca\/fr\/wp-json\/wp\/v2\/pages"}],"about":[{"href":"https:\/\/menardcanada.ca\/fr\/wp-json\/wp\/v2\/types\/page"}],"author":[{"embeddable":true,"href":"https:\/\/menardcanada.ca\/fr\/wp-json\/wp\/v2\/users\/1"}],"replies":[{"embeddable":true,"href":"https:\/\/menardcanada.ca\/fr\/wp-json\/wp\/v2\/comments?post=7264"}],"version-history":[{"count":0,"href":"https:\/\/menardcanada.ca\/fr\/wp-json\/wp\/v2\/pages\/7264\/revisions"}],"up":[{"embeddable":true,"href":"https:\/\/menardcanada.ca\/fr\/wp-json\/wp\/v2\/pages\/7251"}],"wp:attachment":[{"href":"https:\/\/menardcanada.ca\/fr\/wp-json\/wp\/v2\/media?parent=7264"}],"curies":[{"name":"wp","href":"https:\/\/api.w.org\/{rel}","templated":true}]}}