{"id":7255,"date":"2022-06-27T17:03:23","date_gmt":"2022-06-27T15:03:23","guid":{"rendered":"https:\/\/menardcanada.ca\/?page_id=7255"},"modified":"2022-06-27T17:04:04","modified_gmt":"2022-06-27T15:04:04","slug":"plan-de-site","status":"publish","type":"page","link":"https:\/\/menardcanada.ca\/fr\/annexes\/plan-de-site\/","title":{"rendered":"Plan de site"},"content":{"rendered":"<div class=\"fusion-fullwidth fullwidth-box fusion-builder-row-1 nonhundred-percent-fullwidth non-hundred-percent-height-scrolling\" style=\"--awb-border-radius-top-left:0px;--awb-border-radius-top-right:0px;--awb-border-radius-bottom-right:0px;--awb-border-radius-bottom-left:0px;--awb-flex-wrap:wrap;\" ><div class=\"fusion-builder-row fusion-row\"><div class=\"fusion-layout-column fusion_builder_column fusion-builder-column-0 fusion_builder_column_1_2 1_2 fusion-one-half fusion-column-first\" style=\"--awb-bg-size:cover;width:50%;width:calc(50% - ( ( 4% ) * 0.5 ) );margin-right: 4%;\"><div class=\"fusion-column-wrapper fusion-column-has-shadow fusion-flex-column-wrapper-legacy\"><div class=\"fusion-text fusion-text-1\"><p>Please find below Menard group website&rsquo;s site map:<\/p>\n<\/div><div id=\"wp-realtime-sitemap-menu\"><h3>Menu<\/h3><ul><li id=\"menu-item-10331\" class=\"menu-item menu-item-type-post_type menu-item-object-page menu-item-has-children menu-item-10331\"><a href=\"https:\/\/menardcanada.ca\/fr\/marches\/\">March\u00e9s<\/a>\n<ul class=\"sub-menu\">\n\t<li id=\"menu-item-10332\" class=\"menu-item menu-item-type-post_type menu-item-object-avada_portfolio menu-item-10332\"><a href=\"https:\/\/menardcanada.ca\/fr\/soil-expert-portfolio\/batiments\/\">B\u00e2timents<\/a><\/li>\n\t<li id=\"menu-item-10333\" class=\"menu-item menu-item-type-post_type menu-item-object-avada_portfolio menu-item-10333\"><a href=\"https:\/\/menardcanada.ca\/fr\/soil-expert-portfolio\/ports-aeroports\/\">Ports &amp; A\u00e9roports<\/a><\/li>\n\t<li id=\"menu-item-10389\" class=\"menu-item menu-item-type-post_type menu-item-object-avada_portfolio menu-item-10389\"><a href=\"https:\/\/menardcanada.ca\/fr\/soil-expert-portfolio\/routes-voies-ferrees\/\">Routes et voies ferr\u00e9es<\/a><\/li>\n\t<li id=\"menu-item-10334\" class=\"menu-item menu-item-type-post_type menu-item-object-avada_portfolio menu-item-10334\"><a href=\"https:\/\/menardcanada.ca\/fr\/soil-expert-portfolio\/procedes-energie\/\">Proc\u00e9d\u00e9s &amp; \u00c9nergie<\/a><\/li>\n\t<li id=\"menu-item-10390\" class=\"menu-item menu-item-type-post_type menu-item-object-avada_portfolio menu-item-10390\"><a href=\"https:\/\/menardcanada.ca\/fr\/soil-expert-portfolio\/mines\/\">Mines<\/a><\/li>\n<\/ul>\n<\/li>\n<li id=\"menu-item-10391\" class=\"menu-item menu-item-type-post_type menu-item-object-page menu-item-10391\"><a href=\"https:\/\/menardcanada.ca\/fr\/solutions\/\">Solutions<\/a><\/li>\n<li id=\"menu-item-10506\" class=\"menu-item menu-item-type-post_type menu-item-object-page menu-item-10506\"><a href=\"https:\/\/menardcanada.ca\/fr\/projets\/\">Projets<\/a><\/li>\n<li id=\"menu-item-10341\" class=\"menu-item menu-item-type-post_type menu-item-object-page menu-item-has-children menu-item-10341\"><a href=\"https:\/\/menardcanada.ca\/fr\/profil\/\">Qui sommes-nous ?<\/a>\n<ul class=\"sub-menu\">\n\t<li id=\"menu-item-10343\" class=\"menu-item menu-item-type-post_type menu-item-object-page menu-item-10343\"><a href=\"https:\/\/menardcanada.ca\/fr\/profil\/histoire\/\">Histoire<\/a><\/li>\n\t<li id=\"menu-item-10342\" class=\"menu-item menu-item-type-post_type menu-item-object-page menu-item-10342\"><a href=\"https:\/\/menardcanada.ca\/fr\/profil\/equipe-de-direction\/\">\u00c9quipe de Direction<\/a><\/li>\n\t<li id=\"menu-item-10336\" class=\"menu-item menu-item-type-post_type menu-item-object-page menu-item-10336\"><a href=\"https:\/\/menardcanada.ca\/fr\/profil\/amelioration-du-sol\/\">Am\u00e9lioration du sol<\/a><\/li>\n\t<li id=\"menu-item-13400\" class=\"menu-item menu-item-type-post_type menu-item-object-page menu-item-13400\"><a href=\"https:\/\/menardcanada.ca\/fr\/profil\/lapproche-menard\/\">L\u2019approche Menard<\/a><\/li>\n\t<li id=\"menu-item-10344\" class=\"menu-item menu-item-type-post_type menu-item-object-page menu-item-10344\"><a href=\"https:\/\/menardcanada.ca\/fr\/profil\/temoignages\/\">T\u00e9moignages<\/a><\/li>\n<\/ul>\n<\/li>\n<li id=\"menu-item-11694\" class=\"menu-item menu-item-type-post_type menu-item-object-page menu-item-has-children menu-item-11694\"><a href=\"https:\/\/menardcanada.ca\/fr\/ethique\/\">Ethique<\/a>\n<ul class=\"sub-menu\">\n\t<li id=\"menu-item-10337\" class=\"menu-item menu-item-type-post_type menu-item-object-page menu-item-10337\"><a href=\"https:\/\/menardcanada.ca\/fr\/ethique\/sante-et-securite\/\">Sant\u00e9 et S\u00e9curit\u00e9<\/a><\/li>\n\t<li id=\"menu-item-10339\" class=\"menu-item menu-item-type-post_type menu-item-object-page menu-item-10339\"><a href=\"https:\/\/menardcanada.ca\/fr\/ethique\/diversite-equite-et-inclusion\/\">Diversit\u00e9, \u00c9quit\u00e9 et Inclusion<\/a><\/li>\n\t<li id=\"menu-item-10338\" class=\"menu-item menu-item-type-post_type menu-item-object-page menu-item-10338\"><a href=\"https:\/\/menardcanada.ca\/fr\/ethique\/developpement-durable\/\">D\u00e9veloppement Durable<\/a><\/li>\n\t<li id=\"menu-item-14365\" class=\"menu-item menu-item-type-post_type menu-item-object-page menu-item-14365\"><a href=\"https:\/\/menardcanada.ca\/fr\/fonds-vinci-canada\/\">VINCI Canada Fund<\/a><\/li>\n<\/ul>\n<\/li>\n<li id=\"menu-item-12935\" class=\"menu-item menu-item-type-post_type menu-item-object-page menu-item-12935\"><a href=\"https:\/\/menardcanada.ca\/fr\/news\/\">Actualit\u00e9s<\/a><\/li>\n<li id=\"menu-item-12934\" class=\"menu-item menu-item-type-post_type menu-item-object-page menu-item-12934\"><a href=\"https:\/\/menardcanada.ca\/fr\/nous-rejoindre\/\">Carri\u00e8res<\/a><\/li>\n<li id=\"menu-item-12936\" class=\"menu-item menu-item-type-post_type menu-item-object-page menu-item-12936\"><a href=\"https:\/\/menardcanada.ca\/fr\/contact\/\">Nous joindre<\/a><\/li>\n<\/ul><\/div><div class=\"fusion-clearfix\"><\/div><\/div><\/div><div class=\"fusion-layout-column fusion_builder_column fusion-builder-column-1 fusion_builder_column_1_2 1_2 fusion-one-half fusion-column-last\" style=\"--awb-bg-size:cover;width:50%;width:calc(50% - ( ( 4% ) * 0.5 ) );\"><div class=\"fusion-column-wrapper fusion-column-has-shadow fusion-flex-column-wrapper-legacy\"><div class=\"fusion-image-element in-legacy-container\" style=\"--awb-caption-title-font-family:var(--h2_typography-font-family);--awb-caption-title-font-weight:var(--h2_typography-font-weight);--awb-caption-title-font-style:var(--h2_typography-font-style);--awb-caption-title-size:var(--h2_typography-font-size);--awb-caption-title-transform:var(--h2_typography-text-transform);--awb-caption-title-line-height:var(--h2_typography-line-height);--awb-caption-title-letter-spacing:var(--h2_typography-letter-spacing);\"><span class=\" fusion-imageframe imageframe-none imageframe-1 hover-type-none\"><img decoding=\"async\" width=\"300\" height=\"225\" src=\"https:\/\/menardcanada.ca\/wp-content\/uploads\/sites\/8\/2021\/02\/La-Mer-Dubai_500x375-300x225.jpg\" alt class=\"img-responsive wp-image-6851\" srcset=\"https:\/\/menardcanada.ca\/wp-content\/uploads\/sites\/8\/2021\/02\/La-Mer-Dubai_500x375-200x150.jpg 200w, https:\/\/menardcanada.ca\/wp-content\/uploads\/sites\/8\/2021\/02\/La-Mer-Dubai_500x375-400x300.jpg 400w, https:\/\/menardcanada.ca\/wp-content\/uploads\/sites\/8\/2021\/02\/La-Mer-Dubai_500x375-600x450.jpg 600w, https:\/\/menardcanada.ca\/wp-content\/uploads\/sites\/8\/2021\/02\/La-Mer-Dubai_500x375-800x600.jpg 800w, https:\/\/menardcanada.ca\/wp-content\/uploads\/sites\/8\/2021\/02\/La-Mer-Dubai_500x375-1200x900.jpg 1200w\" sizes=\"(max-width: 800px) 100vw, 600px\" \/><\/span><\/div><div class=\"fusion-clearfix\"><\/div><\/div><\/div><\/div><\/div>\n","protected":false},"excerpt":{"rendered":"","protected":false},"author":1,"featured_media":0,"parent":7251,"menu_order":0,"comment_status":"closed","ping_status":"closed","template":"","meta":{"footnotes":""},"class_list":["post-7255","page","type-page","status-publish","hentry"],"yoast_head":"<!-- This site is optimized with the Yoast SEO plugin v27.2 - https:\/\/yoast.com\/product\/yoast-seo-wordpress\/ -->\n<title>Plan de site | Menard Canada<\/title>\n<meta name=\"robots\" content=\"index, follow, max-snippet:-1, max-image-preview:large, max-video-preview:-1\" \/>\n<link rel=\"canonical\" href=\"https:\/\/menardcanada.ca\/fr\/annexes\/plan-de-site\/\" \/>\n<meta property=\"og:locale\" content=\"fr_FR\" \/>\n<meta property=\"og:type\" content=\"article\" \/>\n<meta property=\"og:title\" content=\"Plan de site | Menard Canada\" \/>\n<meta property=\"og:url\" content=\"https:\/\/menardcanada.ca\/fr\/annexes\/plan-de-site\/\" \/>\n<meta property=\"og:site_name\" content=\"Menard Canada\" \/>\n<meta property=\"article:modified_time\" content=\"2022-06-27T15:04:04+00:00\" \/>\n<meta property=\"og:image\" content=\"https:\/\/menardcanada.ca\/wp-content\/uploads\/sites\/8\/2022\/10\/MenardCanada_Suamish_British-Columbia_2022-DC-4.jpg\" \/>\n\t<meta property=\"og:image:width\" content=\"1311\" \/>\n\t<meta property=\"og:image:height\" content=\"874\" \/>\n\t<meta property=\"og:image:type\" content=\"image\/jpeg\" \/>\n<meta name=\"twitter:card\" content=\"summary_large_image\" \/>\n<script type=\"application\/ld+json\" class=\"yoast-schema-graph\">{\"@context\":\"https:\/\/schema.org\",\"@graph\":[{\"@type\":\"WebPage\",\"@id\":\"https:\/\/menardcanada.ca\/fr\/annexes\/plan-de-site\/\",\"url\":\"https:\/\/menardcanada.ca\/fr\/annexes\/plan-de-site\/\",\"name\":\"Plan de site | Menard Canada\",\"isPartOf\":{\"@id\":\"https:\/\/menardcanada.ca\/fr\/#website\"},\"datePublished\":\"2022-06-27T15:03:23+00:00\",\"dateModified\":\"2022-06-27T15:04:04+00:00\",\"breadcrumb\":{\"@id\":\"https:\/\/menardcanada.ca\/fr\/annexes\/plan-de-site\/#breadcrumb\"},\"inLanguage\":\"fr-FR\",\"potentialAction\":[{\"@type\":\"ReadAction\",\"target\":[\"https:\/\/menardcanada.ca\/fr\/annexes\/plan-de-site\/\"]}]},{\"@type\":\"BreadcrumbList\",\"@id\":\"https:\/\/menardcanada.ca\/fr\/annexes\/plan-de-site\/#breadcrumb\",\"itemListElement\":[{\"@type\":\"ListItem\",\"position\":1,\"name\":\"Home\",\"item\":\"https:\/\/menardcanada.ca\/fr\/\"},{\"@type\":\"ListItem\",\"position\":2,\"name\":\"Annexes\",\"item\":\"https:\/\/menardcanada.ca\/fr\/annexes\/\"},{\"@type\":\"ListItem\",\"position\":3,\"name\":\"Plan de site\"}]},{\"@type\":\"WebSite\",\"@id\":\"https:\/\/menardcanada.ca\/fr\/#website\",\"url\":\"https:\/\/menardcanada.ca\/fr\/\",\"name\":\"Menard Canada\",\"description\":\"\",\"publisher\":{\"@id\":\"https:\/\/menardcanada.ca\/fr\/#organization\"},\"potentialAction\":[{\"@type\":\"SearchAction\",\"target\":{\"@type\":\"EntryPoint\",\"urlTemplate\":\"https:\/\/menardcanada.ca\/fr\/?s={search_term_string}\"},\"query-input\":{\"@type\":\"PropertyValueSpecification\",\"valueRequired\":true,\"valueName\":\"search_term_string\"}}],\"inLanguage\":\"fr-FR\"},{\"@type\":\"Organization\",\"@id\":\"https:\/\/menardcanada.ca\/fr\/#organization\",\"name\":\"Menard group, world specialist in ground improvement\",\"url\":\"https:\/\/menardcanada.ca\/fr\/\",\"logo\":{\"@type\":\"ImageObject\",\"inLanguage\":\"fr-FR\",\"@id\":\"https:\/\/menardcanada.ca\/fr\/#\/schema\/logo\/image\/\",\"url\":\"https:\/\/menardcanada.ca\/wp-content\/uploads\/sites\/8\/2021\/06\/MENARD-LOGO-icon-above-colour.png\",\"contentUrl\":\"https:\/\/menardcanada.ca\/wp-content\/uploads\/sites\/8\/2021\/06\/MENARD-LOGO-icon-above-colour.png\",\"width\":110,\"height\":82,\"caption\":\"Menard group, world specialist in ground improvement\"},\"image\":{\"@id\":\"https:\/\/menardcanada.ca\/fr\/#\/schema\/logo\/image\/\"},\"sameAs\":[\"https:\/\/www.linkedin.com\/company\/menardcanada\",\"https:\/\/www.youtube.com\/channel\/UCdvM6StxaNiS1U1g8i7hYEw\"]}]}<\/script>\n<!-- \/ Yoast SEO plugin. -->","yoast_head_json":{"title":"Plan de site | Menard Canada","robots":{"index":"index","follow":"follow","max-snippet":"max-snippet:-1","max-image-preview":"max-image-preview:large","max-video-preview":"max-video-preview:-1"},"canonical":"https:\/\/menardcanada.ca\/fr\/annexes\/plan-de-site\/","og_locale":"fr_FR","og_type":"article","og_title":"Plan de site | Menard Canada","og_url":"https:\/\/menardcanada.ca\/fr\/annexes\/plan-de-site\/","og_site_name":"Menard Canada","article_modified_time":"2022-06-27T15:04:04+00:00","og_image":[{"width":1311,"height":874,"url":"https:\/\/menardcanada.ca\/wp-content\/uploads\/sites\/8\/2022\/10\/MenardCanada_Suamish_British-Columbia_2022-DC-4.jpg","type":"image\/jpeg"}],"twitter_card":"summary_large_image","schema":{"@context":"https:\/\/schema.org","@graph":[{"@type":"WebPage","@id":"https:\/\/menardcanada.ca\/fr\/annexes\/plan-de-site\/","url":"https:\/\/menardcanada.ca\/fr\/annexes\/plan-de-site\/","name":"Plan de site | Menard Canada","isPartOf":{"@id":"https:\/\/menardcanada.ca\/fr\/#website"},"datePublished":"2022-06-27T15:03:23+00:00","dateModified":"2022-06-27T15:04:04+00:00","breadcrumb":{"@id":"https:\/\/menardcanada.ca\/fr\/annexes\/plan-de-site\/#breadcrumb"},"inLanguage":"fr-FR","potentialAction":[{"@type":"ReadAction","target":["https:\/\/menardcanada.ca\/fr\/annexes\/plan-de-site\/"]}]},{"@type":"BreadcrumbList","@id":"https:\/\/menardcanada.ca\/fr\/annexes\/plan-de-site\/#breadcrumb","itemListElement":[{"@type":"ListItem","position":1,"name":"Home","item":"https:\/\/menardcanada.ca\/fr\/"},{"@type":"ListItem","position":2,"name":"Annexes","item":"https:\/\/menardcanada.ca\/fr\/annexes\/"},{"@type":"ListItem","position":3,"name":"Plan de site"}]},{"@type":"WebSite","@id":"https:\/\/menardcanada.ca\/fr\/#website","url":"https:\/\/menardcanada.ca\/fr\/","name":"Menard Canada","description":"","publisher":{"@id":"https:\/\/menardcanada.ca\/fr\/#organization"},"potentialAction":[{"@type":"SearchAction","target":{"@type":"EntryPoint","urlTemplate":"https:\/\/menardcanada.ca\/fr\/?s={search_term_string}"},"query-input":{"@type":"PropertyValueSpecification","valueRequired":true,"valueName":"search_term_string"}}],"inLanguage":"fr-FR"},{"@type":"Organization","@id":"https:\/\/menardcanada.ca\/fr\/#organization","name":"Menard group, world specialist in ground improvement","url":"https:\/\/menardcanada.ca\/fr\/","logo":{"@type":"ImageObject","inLanguage":"fr-FR","@id":"https:\/\/menardcanada.ca\/fr\/#\/schema\/logo\/image\/","url":"https:\/\/menardcanada.ca\/wp-content\/uploads\/sites\/8\/2021\/06\/MENARD-LOGO-icon-above-colour.png","contentUrl":"https:\/\/menardcanada.ca\/wp-content\/uploads\/sites\/8\/2021\/06\/MENARD-LOGO-icon-above-colour.png","width":110,"height":82,"caption":"Menard group, world specialist in ground improvement"},"image":{"@id":"https:\/\/menardcanada.ca\/fr\/#\/schema\/logo\/image\/"},"sameAs":["https:\/\/www.linkedin.com\/company\/menardcanada","https:\/\/www.youtube.com\/channel\/UCdvM6StxaNiS1U1g8i7hYEw"]}]}},"_links":{"self":[{"href":"https:\/\/menardcanada.ca\/fr\/wp-json\/wp\/v2\/pages\/7255","targetHints":{"allow":["GET"]}}],"collection":[{"href":"https:\/\/menardcanada.ca\/fr\/wp-json\/wp\/v2\/pages"}],"about":[{"href":"https:\/\/menardcanada.ca\/fr\/wp-json\/wp\/v2\/types\/page"}],"author":[{"embeddable":true,"href":"https:\/\/menardcanada.ca\/fr\/wp-json\/wp\/v2\/users\/1"}],"replies":[{"embeddable":true,"href":"https:\/\/menardcanada.ca\/fr\/wp-json\/wp\/v2\/comments?post=7255"}],"version-history":[{"count":0,"href":"https:\/\/menardcanada.ca\/fr\/wp-json\/wp\/v2\/pages\/7255\/revisions"}],"up":[{"embeddable":true,"href":"https:\/\/menardcanada.ca\/fr\/wp-json\/wp\/v2\/pages\/7251"}],"wp:attachment":[{"href":"https:\/\/menardcanada.ca\/fr\/wp-json\/wp\/v2\/media?parent=7255"}],"curies":[{"name":"wp","href":"https:\/\/api.w.org\/{rel}","templated":true}]}}