{"id":14360,"date":"2024-08-01T14:08:57","date_gmt":"2024-08-01T12:08:57","guid":{"rendered":"https:\/\/menardcanada.ca\/vinci-canada-fund\/"},"modified":"2024-08-01T14:19:32","modified_gmt":"2024-08-01T12:19:32","slug":"fonds-vinci-canada","status":"publish","type":"page","link":"https:\/\/menardcanada.ca\/fr\/fonds-vinci-canada\/","title":{"rendered":"VINCI Canada Fund"},"content":{"rendered":"<p><div class=\"fusion-fullwidth fullwidth-box fusion-builder-row-1 fusion-flex-container has-pattern-background has-mask-background nonhundred-percent-fullwidth non-hundred-percent-height-scrolling\" style=\"--awb-border-radius-top-left:0px;--awb-border-radius-top-right:0px;--awb-border-radius-bottom-right:0px;--awb-border-radius-bottom-left:0px;--awb-flex-wrap:wrap;\" ><div class=\"fusion-builder-row fusion-row fusion-flex-align-items-flex-start fusion-flex-content-wrap\" style=\"max-width:1216.8px;margin-left: calc(-4% \/ 2 );margin-right: calc(-4% \/ 2 );\"><div class=\"fusion-layout-column fusion_builder_column fusion-builder-column-0 fusion_builder_column_1_2 1_2 fusion-flex-column\" style=\"--awb-bg-size:cover;--awb-width-large:50%;--awb-margin-top-large:0px;--awb-spacing-right-large:3.84%;--awb-margin-bottom-large:0px;--awb-spacing-left-large:3.84%;--awb-width-medium:100%;--awb-order-medium:0;--awb-spacing-right-medium:1.92%;--awb-spacing-left-medium:1.92%;--awb-width-small:100%;--awb-order-small:0;--awb-spacing-right-small:1.92%;--awb-spacing-left-small:1.92%;\"><div class=\"fusion-column-wrapper fusion-column-has-shadow fusion-flex-justify-content-flex-start fusion-content-layout-column\"><div class=\"fusion-image-element \" style=\"--awb-caption-title-font-family:var(--h2_typography-font-family);--awb-caption-title-font-weight:var(--h2_typography-font-weight);--awb-caption-title-font-style:var(--h2_typography-font-style);--awb-caption-title-size:var(--h2_typography-font-size);--awb-caption-title-transform:var(--h2_typography-text-transform);--awb-caption-title-line-height:var(--h2_typography-line-height);--awb-caption-title-letter-spacing:var(--h2_typography-letter-spacing);\"><span class=\" fusion-imageframe imageframe-none imageframe-1 hover-type-none\"><img decoding=\"async\" width=\"1080\" height=\"1080\" alt=\"VINCI Canada Fund\" title=\"Linkedin posts\" src=\"https:\/\/menardcanada.ca\/wp-content\/uploads\/sites\/8\/2024\/08\/Linkedin-posts.png\" class=\"img-responsive wp-image-14358\" srcset=\"https:\/\/menardcanada.ca\/wp-content\/uploads\/sites\/8\/2024\/08\/Linkedin-posts-200x200.png 200w, https:\/\/menardcanada.ca\/wp-content\/uploads\/sites\/8\/2024\/08\/Linkedin-posts-400x400.png 400w, https:\/\/menardcanada.ca\/wp-content\/uploads\/sites\/8\/2024\/08\/Linkedin-posts-600x600.png 600w, https:\/\/menardcanada.ca\/wp-content\/uploads\/sites\/8\/2024\/08\/Linkedin-posts-800x800.png 800w, https:\/\/menardcanada.ca\/wp-content\/uploads\/sites\/8\/2024\/08\/Linkedin-posts.png 1080w\" sizes=\"(max-width: 1024px) 100vw, (max-width: 640px) 100vw, 600px\" \/><\/span><\/div><\/div><\/div><div class=\"fusion-layout-column fusion_builder_column fusion-builder-column-1 fusion_builder_column_1_2 1_2 fusion-flex-column\" style=\"--awb-bg-size:cover;--awb-width-large:50%;--awb-margin-top-large:0px;--awb-spacing-right-large:3.84%;--awb-margin-bottom-large:0px;--awb-spacing-left-large:3.84%;--awb-width-medium:100%;--awb-order-medium:0;--awb-spacing-right-medium:1.92%;--awb-spacing-left-medium:1.92%;--awb-width-small:100%;--awb-order-small:0;--awb-spacing-right-small:1.92%;--awb-spacing-left-small:1.92%;\"><div class=\"fusion-column-wrapper fusion-column-has-shadow fusion-flex-justify-content-flex-start fusion-content-layout-column\"><div class=\"fusion-text fusion-text-1\"><p>Cr\u00e9\u00e9 gr\u00e2ce aux dons des entreprises du groupe <a href=\"https:\/\/www.vinci.com\/\" target=\"_blank\" rel=\"noopener\">VINCI<\/a> au Canada, le Fonds VINCI Canada (administr\u00e9 par <a href=\"https:\/\/www.myriadcanada.org\/fr\/\" target=\"_blank\" rel=\"noopener\">Myriad Canada<\/a>), soutient structurellement les associations canadiennes \u0153uvrant pour l\u2019insertion sociale et professionnelle.<\/p>\n<p>Il encourage deux types d\u2019initiatives :<\/p>\n<ol>\n<li><strong>La lutte contre toutes formes d\u2019exclusion<\/strong> afin de conf\u00e9rer \u00e0 chacun une place, un r\u00f4le et une dignit\u00e9 dans notre soci\u00e9t\u00e9 ;<\/li>\n<li><strong>L\u2019insertion professionnelle ainsi que la formation et qualification<\/strong> des personnes en situation d\u2019exclusion, ou en leur donnant les moyens d\u2019\u00eatre mobiles, conditions souvent indispensables pour trouver et conserver un emploi.<\/li>\n<\/ol>\n<p>Le soutien apport\u00e9 prend la forme d\u2019un parrainage par des collaborateurs des entreprises qui font partie du groupe VINCI au Canada, accompagn\u00e9 d\u2019un soutien financier. Ce parrainage peut prendre des formes diverses :<\/p>\n<ol>\n<li><strong>Participer \u00e0 la vie de l\u2019association<\/strong> : b\u00e9n\u00e9volat, aide aux personnes en difficult\u00e9, etc.<\/li>\n<li><strong>Apporter son expertise \u00e0 l\u2019association dans sa gestion<\/strong> (comptabilit\u00e9, strat\u00e9gie, communication, ressources humaines, etc.) ou sur des aspects techniques (travaux, s\u00e9curit\u00e9, droit, etc.)<\/li>\n<li><strong>Apporter aux personnes en difficult\u00e9 des conseils d\u2019orientation professionnelle<\/strong> et faire d\u00e9couvrir les m\u00e9tiers d\u2019entreprise (animation d\u2019atelier CV, simulation d\u2019entretien, visite de chantier, etc.)<\/li>\n<\/ol>\n<\/div><\/div><\/div><\/div><\/div><div class=\"fusion-fullwidth fullwidth-box fusion-builder-row-2 fusion-flex-container has-pattern-background has-mask-background nonhundred-percent-fullwidth non-hundred-percent-height-scrolling\" style=\"--awb-border-radius-top-left:0px;--awb-border-radius-top-right:0px;--awb-border-radius-bottom-right:0px;--awb-border-radius-bottom-left:0px;--awb-flex-wrap:wrap;\" ><div class=\"fusion-builder-row fusion-row fusion-flex-align-items-flex-start fusion-flex-content-wrap\" style=\"max-width:1216.8px;margin-left: calc(-4% \/ 2 );margin-right: calc(-4% \/ 2 );\"><div class=\"fusion-layout-column fusion_builder_column fusion-builder-column-2 fusion_builder_column_1_1 1_1 fusion-flex-column\" style=\"--awb-bg-size:cover;--awb-width-large:100%;--awb-margin-top-large:0px;--awb-spacing-right-large:1.92%;--awb-margin-bottom-large:0px;--awb-spacing-left-large:1.92%;--awb-width-medium:100%;--awb-order-medium:0;--awb-spacing-right-medium:1.92%;--awb-spacing-left-medium:1.92%;--awb-width-small:100%;--awb-order-small:0;--awb-spacing-right-small:1.92%;--awb-spacing-left-small:1.92%;\"><div class=\"fusion-column-wrapper fusion-column-has-shadow fusion-flex-justify-content-flex-start fusion-content-layout-column\"><div style=\"text-align:center;\"><a class=\"fusion-button button-flat fusion-button-default-size button-default fusion-button-default button-1 fusion-button-default-span fusion-button-default-type\" target=\"_self\" href=\"https:\/\/www.myriadcanada.org\/fr\/projet\/fonds-vinci-canada\/\"><span class=\"fusion-button-text awb-button__text awb-button__text--default\">Associations Canadiennes, participez \u00e0 nos appels \u00e0 projets! <\/span><\/a><\/div><\/div><\/div><\/div><\/div><\/p>\n","protected":false},"excerpt":{"rendered":"","protected":false},"author":4520,"featured_media":0,"parent":0,"menu_order":0,"comment_status":"closed","ping_status":"closed","template":"","meta":{"footnotes":""},"class_list":["post-14360","page","type-page","status-publish","hentry"],"yoast_head":"<!-- This site is optimized with the Yoast SEO plugin v27.2 - https:\/\/yoast.com\/product\/yoast-seo-wordpress\/ -->\n<title>VINCI Canada Fund - Menard Canada<\/title>\n<meta name=\"description\" content=\"Cr\u00e9\u00e9 gr\u00e2ce aux dons des entreprises du groupe VINCI au Canada, le Fonds VINCI Canada, soutient structurellement les associations canadiennes \u0153uvrant pour l\u2019insertion sociale et professionnelle\" \/>\n<meta name=\"robots\" content=\"index, follow, max-snippet:-1, max-image-preview:large, max-video-preview:-1\" \/>\n<link rel=\"canonical\" href=\"https:\/\/menardcanada.ca\/fr\/fonds-vinci-canada\/\" \/>\n<meta property=\"og:locale\" content=\"fr_FR\" \/>\n<meta property=\"og:type\" content=\"article\" \/>\n<meta property=\"og:title\" content=\"VINCI Canada Fund - Menard Canada\" \/>\n<meta property=\"og:description\" content=\"Cr\u00e9\u00e9 gr\u00e2ce aux dons des entreprises du groupe VINCI au Canada, le Fonds VINCI Canada, soutient structurellement les associations canadiennes \u0153uvrant pour l\u2019insertion sociale et professionnelle\" \/>\n<meta property=\"og:url\" content=\"https:\/\/menardcanada.ca\/fr\/fonds-vinci-canada\/\" \/>\n<meta property=\"og:site_name\" content=\"Menard Canada\" \/>\n<meta property=\"article:modified_time\" content=\"2024-08-01T12:19:32+00:00\" \/>\n<meta property=\"og:image\" content=\"https:\/\/menardcanada.ca\/wp-content\/uploads\/sites\/8\/2022\/10\/MenardCanada_Suamish_British-Columbia_2022-DC-4.jpg\" \/>\n\t<meta property=\"og:image:width\" content=\"1311\" \/>\n\t<meta property=\"og:image:height\" content=\"874\" \/>\n\t<meta property=\"og:image:type\" content=\"image\/jpeg\" \/>\n<meta name=\"twitter:card\" content=\"summary_large_image\" \/>\n<script type=\"application\/ld+json\" class=\"yoast-schema-graph\">{\"@context\":\"https:\/\/schema.org\",\"@graph\":[{\"@type\":\"WebPage\",\"@id\":\"https:\/\/menardcanada.ca\/fr\/fonds-vinci-canada\/\",\"url\":\"https:\/\/menardcanada.ca\/fr\/fonds-vinci-canada\/\",\"name\":\"VINCI Canada Fund - Menard Canada\",\"isPartOf\":{\"@id\":\"https:\/\/menardcanada.ca\/fr\/#website\"},\"datePublished\":\"2024-08-01T12:08:57+00:00\",\"dateModified\":\"2024-08-01T12:19:32+00:00\",\"description\":\"Cr\u00e9\u00e9 gr\u00e2ce aux dons des entreprises du groupe VINCI au Canada, le Fonds VINCI Canada, soutient structurellement les associations canadiennes \u0153uvrant pour l\u2019insertion sociale et professionnelle\",\"breadcrumb\":{\"@id\":\"https:\/\/menardcanada.ca\/fr\/fonds-vinci-canada\/#breadcrumb\"},\"inLanguage\":\"fr-FR\",\"potentialAction\":[{\"@type\":\"ReadAction\",\"target\":[\"https:\/\/menardcanada.ca\/fr\/fonds-vinci-canada\/\"]}]},{\"@type\":\"BreadcrumbList\",\"@id\":\"https:\/\/menardcanada.ca\/fr\/fonds-vinci-canada\/#breadcrumb\",\"itemListElement\":[{\"@type\":\"ListItem\",\"position\":1,\"name\":\"Home\",\"item\":\"https:\/\/menardcanada.ca\/fr\/\"},{\"@type\":\"ListItem\",\"position\":2,\"name\":\"VINCI Canada Fund\"}]},{\"@type\":\"WebSite\",\"@id\":\"https:\/\/menardcanada.ca\/fr\/#website\",\"url\":\"https:\/\/menardcanada.ca\/fr\/\",\"name\":\"Menard Canada\",\"description\":\"\",\"publisher\":{\"@id\":\"https:\/\/menardcanada.ca\/fr\/#organization\"},\"potentialAction\":[{\"@type\":\"SearchAction\",\"target\":{\"@type\":\"EntryPoint\",\"urlTemplate\":\"https:\/\/menardcanada.ca\/fr\/?s={search_term_string}\"},\"query-input\":{\"@type\":\"PropertyValueSpecification\",\"valueRequired\":true,\"valueName\":\"search_term_string\"}}],\"inLanguage\":\"fr-FR\"},{\"@type\":\"Organization\",\"@id\":\"https:\/\/menardcanada.ca\/fr\/#organization\",\"name\":\"Menard group, world specialist in ground improvement\",\"url\":\"https:\/\/menardcanada.ca\/fr\/\",\"logo\":{\"@type\":\"ImageObject\",\"inLanguage\":\"fr-FR\",\"@id\":\"https:\/\/menardcanada.ca\/fr\/#\/schema\/logo\/image\/\",\"url\":\"https:\/\/menardcanada.ca\/wp-content\/uploads\/sites\/8\/2021\/06\/MENARD-LOGO-icon-above-colour.png\",\"contentUrl\":\"https:\/\/menardcanada.ca\/wp-content\/uploads\/sites\/8\/2021\/06\/MENARD-LOGO-icon-above-colour.png\",\"width\":110,\"height\":82,\"caption\":\"Menard group, world specialist in ground improvement\"},\"image\":{\"@id\":\"https:\/\/menardcanada.ca\/fr\/#\/schema\/logo\/image\/\"},\"sameAs\":[\"https:\/\/www.linkedin.com\/company\/menardcanada\",\"https:\/\/www.youtube.com\/channel\/UCdvM6StxaNiS1U1g8i7hYEw\"]}]}<\/script>\n<!-- \/ Yoast SEO plugin. -->","yoast_head_json":{"title":"VINCI Canada Fund - Menard Canada","description":"Cr\u00e9\u00e9 gr\u00e2ce aux dons des entreprises du groupe VINCI au Canada, le Fonds VINCI Canada, soutient structurellement les associations canadiennes \u0153uvrant pour l\u2019insertion sociale et professionnelle","robots":{"index":"index","follow":"follow","max-snippet":"max-snippet:-1","max-image-preview":"max-image-preview:large","max-video-preview":"max-video-preview:-1"},"canonical":"https:\/\/menardcanada.ca\/fr\/fonds-vinci-canada\/","og_locale":"fr_FR","og_type":"article","og_title":"VINCI Canada Fund - Menard Canada","og_description":"Cr\u00e9\u00e9 gr\u00e2ce aux dons des entreprises du groupe VINCI au Canada, le Fonds VINCI Canada, soutient structurellement les associations canadiennes \u0153uvrant pour l\u2019insertion sociale et professionnelle","og_url":"https:\/\/menardcanada.ca\/fr\/fonds-vinci-canada\/","og_site_name":"Menard Canada","article_modified_time":"2024-08-01T12:19:32+00:00","og_image":[{"width":1311,"height":874,"url":"https:\/\/menardcanada.ca\/wp-content\/uploads\/sites\/8\/2022\/10\/MenardCanada_Suamish_British-Columbia_2022-DC-4.jpg","type":"image\/jpeg"}],"twitter_card":"summary_large_image","schema":{"@context":"https:\/\/schema.org","@graph":[{"@type":"WebPage","@id":"https:\/\/menardcanada.ca\/fr\/fonds-vinci-canada\/","url":"https:\/\/menardcanada.ca\/fr\/fonds-vinci-canada\/","name":"VINCI Canada Fund - Menard Canada","isPartOf":{"@id":"https:\/\/menardcanada.ca\/fr\/#website"},"datePublished":"2024-08-01T12:08:57+00:00","dateModified":"2024-08-01T12:19:32+00:00","description":"Cr\u00e9\u00e9 gr\u00e2ce aux dons des entreprises du groupe VINCI au Canada, le Fonds VINCI Canada, soutient structurellement les associations canadiennes \u0153uvrant pour l\u2019insertion sociale et professionnelle","breadcrumb":{"@id":"https:\/\/menardcanada.ca\/fr\/fonds-vinci-canada\/#breadcrumb"},"inLanguage":"fr-FR","potentialAction":[{"@type":"ReadAction","target":["https:\/\/menardcanada.ca\/fr\/fonds-vinci-canada\/"]}]},{"@type":"BreadcrumbList","@id":"https:\/\/menardcanada.ca\/fr\/fonds-vinci-canada\/#breadcrumb","itemListElement":[{"@type":"ListItem","position":1,"name":"Home","item":"https:\/\/menardcanada.ca\/fr\/"},{"@type":"ListItem","position":2,"name":"VINCI Canada Fund"}]},{"@type":"WebSite","@id":"https:\/\/menardcanada.ca\/fr\/#website","url":"https:\/\/menardcanada.ca\/fr\/","name":"Menard Canada","description":"","publisher":{"@id":"https:\/\/menardcanada.ca\/fr\/#organization"},"potentialAction":[{"@type":"SearchAction","target":{"@type":"EntryPoint","urlTemplate":"https:\/\/menardcanada.ca\/fr\/?s={search_term_string}"},"query-input":{"@type":"PropertyValueSpecification","valueRequired":true,"valueName":"search_term_string"}}],"inLanguage":"fr-FR"},{"@type":"Organization","@id":"https:\/\/menardcanada.ca\/fr\/#organization","name":"Menard group, world specialist in ground improvement","url":"https:\/\/menardcanada.ca\/fr\/","logo":{"@type":"ImageObject","inLanguage":"fr-FR","@id":"https:\/\/menardcanada.ca\/fr\/#\/schema\/logo\/image\/","url":"https:\/\/menardcanada.ca\/wp-content\/uploads\/sites\/8\/2021\/06\/MENARD-LOGO-icon-above-colour.png","contentUrl":"https:\/\/menardcanada.ca\/wp-content\/uploads\/sites\/8\/2021\/06\/MENARD-LOGO-icon-above-colour.png","width":110,"height":82,"caption":"Menard group, world specialist in ground improvement"},"image":{"@id":"https:\/\/menardcanada.ca\/fr\/#\/schema\/logo\/image\/"},"sameAs":["https:\/\/www.linkedin.com\/company\/menardcanada","https:\/\/www.youtube.com\/channel\/UCdvM6StxaNiS1U1g8i7hYEw"]}]}},"_links":{"self":[{"href":"https:\/\/menardcanada.ca\/fr\/wp-json\/wp\/v2\/pages\/14360","targetHints":{"allow":["GET"]}}],"collection":[{"href":"https:\/\/menardcanada.ca\/fr\/wp-json\/wp\/v2\/pages"}],"about":[{"href":"https:\/\/menardcanada.ca\/fr\/wp-json\/wp\/v2\/types\/page"}],"author":[{"embeddable":true,"href":"https:\/\/menardcanada.ca\/fr\/wp-json\/wp\/v2\/users\/4520"}],"replies":[{"embeddable":true,"href":"https:\/\/menardcanada.ca\/fr\/wp-json\/wp\/v2\/comments?post=14360"}],"version-history":[{"count":0,"href":"https:\/\/menardcanada.ca\/fr\/wp-json\/wp\/v2\/pages\/14360\/revisions"}],"wp:attachment":[{"href":"https:\/\/menardcanada.ca\/fr\/wp-json\/wp\/v2\/media?parent=14360"}],"curies":[{"name":"wp","href":"https:\/\/api.w.org\/{rel}","templated":true}]}}