{"id":10285,"date":"2021-02-16T17:00:20","date_gmt":"2021-02-16T16:00:20","guid":{"rendered":"https:\/\/menardcanada.ca\/health-and-safety\/"},"modified":"2022-10-13T17:00:07","modified_gmt":"2022-10-13T15:00:07","slug":"sante-et-securite","status":"publish","type":"page","link":"https:\/\/menardcanada.ca\/fr\/ethique\/sante-et-securite\/","title":{"rendered":"Sant\u00e9 et S\u00e9curit\u00e9"},"content":{"rendered":"<p><div class=\"fusion-fullwidth fullwidth-box fusion-builder-row-1 nonhundred-percent-fullwidth non-hundred-percent-height-scrolling\" style=\"--awb-border-radius-top-left:0px;--awb-border-radius-top-right:0px;--awb-border-radius-bottom-right:0px;--awb-border-radius-bottom-left:0px;--awb-flex-wrap:wrap;\" ><div class=\"fusion-builder-row fusion-row\"><div class=\"fusion-layout-column fusion_builder_column fusion-builder-column-0 fusion_builder_column_1_1 1_1 fusion-one-full fusion-column-first fusion-column-last\" style=\"--awb-bg-size:cover;\"><div class=\"fusion-column-wrapper fusion-column-has-shadow fusion-flex-column-wrapper-legacy\"><div class=\"fusion-text fusion-text-1\"><h2>Notre culture et notre engagement envers la s\u00e9curit\u00e9 pour tous<\/h2>\n<\/div><div class=\"fusion-text fusion-text-2\"><p>La s\u00e9curit\u00e9 est notre priorit\u00e9 num\u00e9ro un, avant toute autre chose. Cette culture de la s\u00e9curit\u00e9 est ancr\u00e9e dans notre fa\u00e7on de travailler au quotidien. De nos chantiers \u00e0 nos bureaux administratifs, l\u2019objectif est de garder nos employ\u00e9s, nos sous-traitants et nos clients aussi s\u00fbrs que possible et de travailler pour maintenir un lieu de travail sans accident, o\u00f9 qu\u2019ils se trouvent. Ici, chez Menard Canada, il n\u2019y a pas d&rsquo;accident \u00ab\u2009mineur\u2009\u00bb. Nous nous effor\u00e7ons continuellement de pr\u00e9venir <u>tous<\/u>\u00a0les accidents sur le lieu de travail, quels qu\u2019ils soient.<\/p>\n<\/div><div class=\"fusion-clearfix\"><\/div><\/div><\/div><\/div><\/div><div class=\"fusion-fullwidth fullwidth-box fusion-builder-row-2 nonhundred-percent-fullwidth non-hundred-percent-height-scrolling\" style=\"--awb-border-radius-top-left:0px;--awb-border-radius-top-right:0px;--awb-border-radius-bottom-right:0px;--awb-border-radius-bottom-left:0px;--awb-flex-wrap:wrap;\" ><div class=\"fusion-builder-row fusion-row\"><div class=\"fusion-layout-column fusion_builder_column fusion-builder-column-1 fusion_builder_column_1_2 1_2 fusion-one-half fusion-column-first\" style=\"--awb-bg-size:cover;width:50%;width:calc(50% - ( ( 4% ) * 0.5 ) );margin-right: 4%;\"><div class=\"fusion-column-wrapper fusion-column-has-shadow fusion-flex-column-wrapper-legacy\"><div class=\"fusion-text fusion-text-3\"><h3><span data-contrast=\"none\"><span class=\"TextRun SCXW154093427 BCX8\" lang=\"EN-CA\" xml:lang=\"EN-CA\" data-contrast=\"none\"><span class=\"NormalTextRun SCXW154093427 BCX8\" data-ccp-charstyle=\"normaltextrun\" data-ccp-charstyle-defn=\"{\"><strong>L\u2019engagement Home Safe\u2122 <\/strong>\u202f<\/span><span class=\"NormalTextRun SCXW154093427 BCX8\" data-ccp-charstyle=\"eop\" data-ccp-charstyle-defn=\"{\">\u202f<\/span><\/span><span class=\"EOP SCXW154093427 BCX8\" data-ccp-props=\"{\">\u00a0<\/span><\/span><\/h3>\n<\/div><div class=\"fusion-text fusion-text-4\"><p>Nous nous engageons \u00e0 tous les niveaux pour que chacun de nos employ\u00e9s reste en s\u00e9curit\u00e9 et sans blessure, en veillant \u00e0 ce qu\u2019ils rentrent chez eux en toute s\u00e9curit\u00e9 aupr\u00e8s de leurs proches \u00e0 la fin de chaque journ\u00e9e de travail. Notre objectif quotidien est d\u2019avoir des lieux de travail exempts d\u2019incidents o\u00f9 les individus ne se\u00a0<em>sentent<\/em>\u00a0pas seulement en s\u00e9curit\u00e9, mais\u00a0<em>sont<\/em>\u00a0en s\u00e9curit\u00e9. Nous travaillons pour atteindre tous ces objectifs en\u00a0:<\/p>\n<ul>\n<li>Inspectant tous les espaces de travail de mani\u00e8re approfondie et r\u00e9guli\u00e8re<\/li>\n<li>Veillant \u00e0 ce que tous les employ\u00e9s re\u00e7oivent une formation continue en mati\u00e8re de Sant\u00e9 et de S\u00e9curit\u00e9<\/li>\n<li>Maintenant un dialogue ouvert sur la S\u00e9curit\u00e9 avec les employ\u00e9s<\/li>\n<li>Enregistrant et en enqu\u00eatant sur tous les incidents de S\u00e9curit\u00e9<\/li>\n<li>Tirant les le\u00e7ons de tous les incidents de S\u00e9curit\u00e9 qui se produisent<\/li>\n<li>Faisant l\u2019am\u00e9lioration de la Sant\u00e9 et de la S\u00e9curit\u00e9 un \u00e9l\u00e9ment cl\u00e9 de nos activit\u00e9s quotidiennes.<\/li>\n<\/ul>\n<\/div><div class=\"fusion-clearfix\"><\/div><\/div><\/div><div class=\"fusion-layout-column fusion_builder_column fusion-builder-column-2 fusion_builder_column_1_2 1_2 fusion-one-half fusion-column-last\" style=\"--awb-padding-top:14%;--awb-bg-size:cover;width:50%;width:calc(50% - ( ( 4% ) * 0.5 ) );\"><div class=\"fusion-column-wrapper fusion-column-has-shadow fusion-flex-column-wrapper-legacy\"><div class=\"fusion-video fusion-youtube\" style=\"--awb-max-width:600px;--awb-max-height:400px;\"><div class=\"video-shortcode\"><div class=\"fluid-width-video-wrapper\" style=\"padding-top:66.67%;\" ><iframe title=\"YouTube video player 1\" src=\"https:\/\/www.youtube.com\/embed\/9xz0-qK2mH0?wmode=transparent&autoplay=0\" width=\"600\" height=\"400\" allowfullscreen allow=\"autoplay; clipboard-write; encrypted-media; gyroscope; picture-in-picture;\"><\/iframe><\/div><\/div><\/div><div class=\"fusion-sep-clear\"><\/div><div class=\"fusion-separator fusion-full-width-sep\" style=\"margin-left: auto;margin-right: auto;width:100%;\"><\/div><div class=\"fusion-sep-clear\"><\/div><div class=\"fusion-clearfix\"><\/div><\/div><\/div><div class=\"fusion-layout-column fusion_builder_column fusion-builder-column-3 fusion_builder_column_1_1 1_1 fusion-one-full fusion-column-first fusion-column-last\" style=\"--awb-bg-size:cover;\"><div class=\"fusion-column-wrapper fusion-column-has-shadow fusion-flex-column-wrapper-legacy\"><div class=\"fusion-text fusion-text-5\"><p data-fontsize=\"20\" data-lineheight=\"28px\">La s\u00e9curit\u00e9 est bien plus que la cr\u00e9ation de documents et de proc\u00e9dures de s\u00e9curit\u00e9. Elle fait partie int\u00e9grante de nos activit\u00e9s quotidiennes et contribue \u00e0 garantir que chacun rentre chez lui en toute s\u00e9curit\u00e9 et sans incidents. La s\u00e9curit\u00e9 n\u2019est pas le fruit du hasard : il est important que l&rsquo;entreprise encourage les individus \u00e0 prendre soin d\u2019eux-m\u00eames et des autres tous les jours. Menard Canada est fi\u00e8re de dire que nous ne consid\u00e9rons rien de ce que nous faisons chaque jour comme suffisamment important pour justifier une blessure pour quiconque travaille pour nous ou avec nous.<\/p>\n<h3><span class=\"TextRun SCXW129756903 BCX8\" lang=\"EN-CA\" xml:lang=\"EN-CA\" data-contrast=\"none\"><span class=\"NormalTextRun CommentHighlightRest SCXW129756903 BCX8\" data-ccp-parastyle=\"Normal (Web)\"><span class=\"TextRun SCXW56328314 BCX8\" lang=\"EN-CA\" xml:lang=\"EN-CA\" data-contrast=\"none\"><span class=\"NormalTextRun SCXW56328314 BCX8\" data-ccp-charstyle=\"normaltextrun\" data-ccp-charstyle-defn=\"{\">Certifi\u00e9 COR\u2122 <\/span><span class=\"NormalTextRun SCXW56328314 BCX8\" data-ccp-charstyle=\"eop\" data-ccp-charstyle-defn=\"{\">\u202f<\/span><\/span> <\/span><\/span><\/h3>\n<p>Nous sommes fiers d\u2019\u00eatre une entreprise\u00a0<a href=\"http:\/\/www.ihsa.ca\/cor-home\">certifi\u00e9e COR\u2122<\/a> et nous travaillons dur pour nous assurer que nous maintenons les normes de s\u00e9curit\u00e9 les plus \u00e9lev\u00e9es pour tous nos chantiers r\u00e9gionaux et nos bureaux \u00e0 travers le Canada. En tant qu\u2019entreprise ax\u00e9e sur la s\u00e9curit\u00e9, notre priorit\u00e9 est de revoir et d\u2019am\u00e9liorer constamment nos politiques de s\u00e9curit\u00e9 pour la sant\u00e9 et la s\u00e9curit\u00e9 de tous ceux qui travaillent pour nous et avec nous.<\/p>\n<p>Nous invitons les autres entreprises et les particuliers \u00e0 nous aider \u00e0 promouvoir un lieu de travail plus s\u00fbr pour tous.<\/p>\n<\/div><div class=\"fusion-text fusion-text-6\"><p style=\"text-align: left\"><span data-contrast=\"none\">Vous avez des questions sur nos politiques de sant\u00e9 et de s\u00e9curit\u00e9? <\/span><span data-contrast=\"none\">Contactez-nous \u00e0 tout moment \u00e0 l\u2019adresse<\/span><span data-contrast=\"none\">\u00a0<\/span><a href=\"mailto:info@menardcanada.ca\" target=\"_blank\" rel=\"noopener\"><span data-contrast=\"none\">info@menardcanada.ca<\/span><span data-ccp-props=\"{\">\u00a0<\/span><\/a><\/p>\n<\/div><div class=\"fusion-clearfix\"><\/div><\/div><\/div><\/div><\/div><\/p>\n","protected":false},"excerpt":{"rendered":"","protected":false},"author":1,"featured_media":0,"parent":11691,"menu_order":0,"comment_status":"closed","ping_status":"closed","template":"","meta":{"footnotes":""},"class_list":["post-10285","page","type-page","status-publish","hentry"],"yoast_head":"<!-- This site is optimized with the Yoast SEO plugin v27.2 - https:\/\/yoast.com\/product\/yoast-seo-wordpress\/ -->\n<title>Sant\u00e9 et S\u00e9curit\u00e9 \u2013 Menard Canada<\/title>\n<meta name=\"description\" content=\"D\u00e9couvrez comment nous nous effor\u00e7ons de garantir la sant\u00e9 et la s\u00e9curit\u00e9 de nos employ\u00e9s au quotidien en veillant \u00e0 ce qu&#039;ils b\u00e9n\u00e9ficient des politiques, proc\u00e9dures et formations dont ils ont besoin pour rester en s\u00e9curit\u00e9.\" \/>\n<meta name=\"robots\" content=\"index, follow, max-snippet:-1, max-image-preview:large, max-video-preview:-1\" \/>\n<link rel=\"canonical\" href=\"https:\/\/menardcanada.ca\/fr\/ethique\/sante-et-securite\/\" \/>\n<meta property=\"og:locale\" content=\"fr_FR\" \/>\n<meta property=\"og:type\" content=\"article\" \/>\n<meta property=\"og:title\" content=\"Sant\u00e9 et S\u00e9curit\u00e9 \u2013 Menard Canada\" \/>\n<meta property=\"og:description\" content=\"D\u00e9couvrez comment nous nous effor\u00e7ons de garantir la sant\u00e9 et la s\u00e9curit\u00e9 de nos employ\u00e9s au quotidien en veillant \u00e0 ce qu&#039;ils b\u00e9n\u00e9ficient des politiques, proc\u00e9dures et formations dont ils ont besoin pour rester en s\u00e9curit\u00e9.\" \/>\n<meta property=\"og:url\" content=\"https:\/\/menardcanada.ca\/fr\/ethique\/sante-et-securite\/\" \/>\n<meta property=\"og:site_name\" content=\"Menard Canada\" \/>\n<meta property=\"article:modified_time\" content=\"2022-10-13T15:00:07+00:00\" \/>\n<meta property=\"og:image\" content=\"https:\/\/menardcanada.ca\/wp-content\/uploads\/sites\/8\/2022\/10\/MenardCanada_Suamish_British-Columbia_2022-DC-4.jpg\" \/>\n\t<meta property=\"og:image:width\" content=\"1311\" \/>\n\t<meta property=\"og:image:height\" content=\"874\" \/>\n\t<meta property=\"og:image:type\" content=\"image\/jpeg\" \/>\n<meta name=\"twitter:card\" content=\"summary_large_image\" \/>\n<script type=\"application\/ld+json\" class=\"yoast-schema-graph\">{\"@context\":\"https:\/\/schema.org\",\"@graph\":[{\"@type\":\"WebPage\",\"@id\":\"https:\/\/menardcanada.ca\/fr\/ethique\/sante-et-securite\/\",\"url\":\"https:\/\/menardcanada.ca\/fr\/ethique\/sante-et-securite\/\",\"name\":\"Sant\u00e9 et S\u00e9curit\u00e9 \u2013 Menard Canada\",\"isPartOf\":{\"@id\":\"https:\/\/menardcanada.ca\/fr\/#website\"},\"datePublished\":\"2021-02-16T16:00:20+00:00\",\"dateModified\":\"2022-10-13T15:00:07+00:00\",\"description\":\"D\u00e9couvrez comment nous nous effor\u00e7ons de garantir la sant\u00e9 et la s\u00e9curit\u00e9 de nos employ\u00e9s au quotidien en veillant \u00e0 ce qu'ils b\u00e9n\u00e9ficient des politiques, proc\u00e9dures et formations dont ils ont besoin pour rester en s\u00e9curit\u00e9.\",\"breadcrumb\":{\"@id\":\"https:\/\/menardcanada.ca\/fr\/ethique\/sante-et-securite\/#breadcrumb\"},\"inLanguage\":\"fr-FR\",\"potentialAction\":[{\"@type\":\"ReadAction\",\"target\":[\"https:\/\/menardcanada.ca\/fr\/ethique\/sante-et-securite\/\"]}]},{\"@type\":\"BreadcrumbList\",\"@id\":\"https:\/\/menardcanada.ca\/fr\/ethique\/sante-et-securite\/#breadcrumb\",\"itemListElement\":[{\"@type\":\"ListItem\",\"position\":1,\"name\":\"Home\",\"item\":\"https:\/\/menardcanada.ca\/fr\/\"},{\"@type\":\"ListItem\",\"position\":2,\"name\":\"Ethique\",\"item\":\"https:\/\/menardcanada.ca\/fr\/ethique\/\"},{\"@type\":\"ListItem\",\"position\":3,\"name\":\"Sant\u00e9 et S\u00e9curit\u00e9\"}]},{\"@type\":\"WebSite\",\"@id\":\"https:\/\/menardcanada.ca\/fr\/#website\",\"url\":\"https:\/\/menardcanada.ca\/fr\/\",\"name\":\"Menard Canada\",\"description\":\"\",\"publisher\":{\"@id\":\"https:\/\/menardcanada.ca\/fr\/#organization\"},\"potentialAction\":[{\"@type\":\"SearchAction\",\"target\":{\"@type\":\"EntryPoint\",\"urlTemplate\":\"https:\/\/menardcanada.ca\/fr\/?s={search_term_string}\"},\"query-input\":{\"@type\":\"PropertyValueSpecification\",\"valueRequired\":true,\"valueName\":\"search_term_string\"}}],\"inLanguage\":\"fr-FR\"},{\"@type\":\"Organization\",\"@id\":\"https:\/\/menardcanada.ca\/fr\/#organization\",\"name\":\"Menard group, world specialist in ground improvement\",\"url\":\"https:\/\/menardcanada.ca\/fr\/\",\"logo\":{\"@type\":\"ImageObject\",\"inLanguage\":\"fr-FR\",\"@id\":\"https:\/\/menardcanada.ca\/fr\/#\/schema\/logo\/image\/\",\"url\":\"https:\/\/menardcanada.ca\/wp-content\/uploads\/sites\/8\/2021\/06\/MENARD-LOGO-icon-above-colour.png\",\"contentUrl\":\"https:\/\/menardcanada.ca\/wp-content\/uploads\/sites\/8\/2021\/06\/MENARD-LOGO-icon-above-colour.png\",\"width\":110,\"height\":82,\"caption\":\"Menard group, world specialist in ground improvement\"},\"image\":{\"@id\":\"https:\/\/menardcanada.ca\/fr\/#\/schema\/logo\/image\/\"},\"sameAs\":[\"https:\/\/www.linkedin.com\/company\/menardcanada\",\"https:\/\/www.youtube.com\/channel\/UCdvM6StxaNiS1U1g8i7hYEw\"]}]}<\/script>\n<!-- \/ Yoast SEO plugin. -->","yoast_head_json":{"title":"Sant\u00e9 et S\u00e9curit\u00e9 \u2013 Menard Canada","description":"D\u00e9couvrez comment nous nous effor\u00e7ons de garantir la sant\u00e9 et la s\u00e9curit\u00e9 de nos employ\u00e9s au quotidien en veillant \u00e0 ce qu'ils b\u00e9n\u00e9ficient des politiques, proc\u00e9dures et formations dont ils ont besoin pour rester en s\u00e9curit\u00e9.","robots":{"index":"index","follow":"follow","max-snippet":"max-snippet:-1","max-image-preview":"max-image-preview:large","max-video-preview":"max-video-preview:-1"},"canonical":"https:\/\/menardcanada.ca\/fr\/ethique\/sante-et-securite\/","og_locale":"fr_FR","og_type":"article","og_title":"Sant\u00e9 et S\u00e9curit\u00e9 \u2013 Menard Canada","og_description":"D\u00e9couvrez comment nous nous effor\u00e7ons de garantir la sant\u00e9 et la s\u00e9curit\u00e9 de nos employ\u00e9s au quotidien en veillant \u00e0 ce qu'ils b\u00e9n\u00e9ficient des politiques, proc\u00e9dures et formations dont ils ont besoin pour rester en s\u00e9curit\u00e9.","og_url":"https:\/\/menardcanada.ca\/fr\/ethique\/sante-et-securite\/","og_site_name":"Menard Canada","article_modified_time":"2022-10-13T15:00:07+00:00","og_image":[{"width":1311,"height":874,"url":"https:\/\/menardcanada.ca\/wp-content\/uploads\/sites\/8\/2022\/10\/MenardCanada_Suamish_British-Columbia_2022-DC-4.jpg","type":"image\/jpeg"}],"twitter_card":"summary_large_image","schema":{"@context":"https:\/\/schema.org","@graph":[{"@type":"WebPage","@id":"https:\/\/menardcanada.ca\/fr\/ethique\/sante-et-securite\/","url":"https:\/\/menardcanada.ca\/fr\/ethique\/sante-et-securite\/","name":"Sant\u00e9 et S\u00e9curit\u00e9 \u2013 Menard Canada","isPartOf":{"@id":"https:\/\/menardcanada.ca\/fr\/#website"},"datePublished":"2021-02-16T16:00:20+00:00","dateModified":"2022-10-13T15:00:07+00:00","description":"D\u00e9couvrez comment nous nous effor\u00e7ons de garantir la sant\u00e9 et la s\u00e9curit\u00e9 de nos employ\u00e9s au quotidien en veillant \u00e0 ce qu'ils b\u00e9n\u00e9ficient des politiques, proc\u00e9dures et formations dont ils ont besoin pour rester en s\u00e9curit\u00e9.","breadcrumb":{"@id":"https:\/\/menardcanada.ca\/fr\/ethique\/sante-et-securite\/#breadcrumb"},"inLanguage":"fr-FR","potentialAction":[{"@type":"ReadAction","target":["https:\/\/menardcanada.ca\/fr\/ethique\/sante-et-securite\/"]}]},{"@type":"BreadcrumbList","@id":"https:\/\/menardcanada.ca\/fr\/ethique\/sante-et-securite\/#breadcrumb","itemListElement":[{"@type":"ListItem","position":1,"name":"Home","item":"https:\/\/menardcanada.ca\/fr\/"},{"@type":"ListItem","position":2,"name":"Ethique","item":"https:\/\/menardcanada.ca\/fr\/ethique\/"},{"@type":"ListItem","position":3,"name":"Sant\u00e9 et S\u00e9curit\u00e9"}]},{"@type":"WebSite","@id":"https:\/\/menardcanada.ca\/fr\/#website","url":"https:\/\/menardcanada.ca\/fr\/","name":"Menard Canada","description":"","publisher":{"@id":"https:\/\/menardcanada.ca\/fr\/#organization"},"potentialAction":[{"@type":"SearchAction","target":{"@type":"EntryPoint","urlTemplate":"https:\/\/menardcanada.ca\/fr\/?s={search_term_string}"},"query-input":{"@type":"PropertyValueSpecification","valueRequired":true,"valueName":"search_term_string"}}],"inLanguage":"fr-FR"},{"@type":"Organization","@id":"https:\/\/menardcanada.ca\/fr\/#organization","name":"Menard group, world specialist in ground improvement","url":"https:\/\/menardcanada.ca\/fr\/","logo":{"@type":"ImageObject","inLanguage":"fr-FR","@id":"https:\/\/menardcanada.ca\/fr\/#\/schema\/logo\/image\/","url":"https:\/\/menardcanada.ca\/wp-content\/uploads\/sites\/8\/2021\/06\/MENARD-LOGO-icon-above-colour.png","contentUrl":"https:\/\/menardcanada.ca\/wp-content\/uploads\/sites\/8\/2021\/06\/MENARD-LOGO-icon-above-colour.png","width":110,"height":82,"caption":"Menard group, world specialist in ground improvement"},"image":{"@id":"https:\/\/menardcanada.ca\/fr\/#\/schema\/logo\/image\/"},"sameAs":["https:\/\/www.linkedin.com\/company\/menardcanada","https:\/\/www.youtube.com\/channel\/UCdvM6StxaNiS1U1g8i7hYEw"]}]}},"_links":{"self":[{"href":"https:\/\/menardcanada.ca\/fr\/wp-json\/wp\/v2\/pages\/10285","targetHints":{"allow":["GET"]}}],"collection":[{"href":"https:\/\/menardcanada.ca\/fr\/wp-json\/wp\/v2\/pages"}],"about":[{"href":"https:\/\/menardcanada.ca\/fr\/wp-json\/wp\/v2\/types\/page"}],"author":[{"embeddable":true,"href":"https:\/\/menardcanada.ca\/fr\/wp-json\/wp\/v2\/users\/1"}],"replies":[{"embeddable":true,"href":"https:\/\/menardcanada.ca\/fr\/wp-json\/wp\/v2\/comments?post=10285"}],"version-history":[{"count":0,"href":"https:\/\/menardcanada.ca\/fr\/wp-json\/wp\/v2\/pages\/10285\/revisions"}],"up":[{"embeddable":true,"href":"https:\/\/menardcanada.ca\/fr\/wp-json\/wp\/v2\/pages\/11691"}],"wp:attachment":[{"href":"https:\/\/menardcanada.ca\/fr\/wp-json\/wp\/v2\/media?parent=10285"}],"curies":[{"name":"wp","href":"https:\/\/api.w.org\/{rel}","templated":true}]}}